{"id":421,"date":"2016-05-12T15:28:21","date_gmt":"2016-05-12T15:28:21","guid":{"rendered":"http:\/\/clinicaoftalmologicarubi.com\/?page_id=421"},"modified":"2025-07-14T17:24:03","modified_gmt":"2025-07-14T15:24:03","slug":"blefaritis","status":"publish","type":"page","link":"https:\/\/clinicaoftalmologicarubi.com\/es\/blefaritis\/","title":{"rendered":"Blefaritis"},"content":{"rendered":"<div class=\"articuloo\">\r\n<div class=\"uk-grid \">\r\n<div class=\"listmedicos uk-width-3-10\" data-grid-prepared=\"true\">\r\n<ul>\r\n\t<li><a href=\"#quees\">\u00bfQu\u00e9 es la Blefaritis?<\/a><\/li>\r\n\t<li><a href=\"#sintomas\">S\u00edntomas<\/a><\/li>\r\n\t<li><a href=\"#sepuedecontagiar\">\u00bfSe puede contagiar?<\/a><\/li>\r\n\t<li><a href=\"#tiposblefaritis\">Tipos de blefaritis<\/a><\/li>\r\n\t<li><a href=\"#sepuedecomplicar\">\u00bfSe puede complicar?<\/a><\/li>\r\n\t<li><a href=\"#comosecura\">\u00bfC\u00f3mo se cura la Blefaritis?<\/a><\/li>\r\n<\/ul>\r\n<\/div>\r\n<div class=\"uk-width-7-10 \">\r\n<div class=\"debessaber\">\r\n<h3>QU\u00c9 DEBES SABER<\/h3>\r\n<ul>\r\n\t<li>La blefaritis es una inflamaci\u00f3n cr\u00f3nica de los p\u00e1rpados que puede llegar a desencadenar un orzuelo y\/o chalazi\u00f3n.<\/li>\r\n\t<li>S\u00edntomas m\u00e1s frecuentes: irritaci\u00f3n, picor, sensaci\u00f3n de arenilla, enrojecimiento, escozor, lagrimeo, fotofobia, parpadeo excesivo o visi\u00f3n borrosa.<\/li>\r\n\t<li>No es contagiosa.<\/li>\r\n\t<li>No se cura pero s\u00ed se puede controlar.<\/li>\r\n<\/ul>\r\n<\/div>\r\n<\/div>\r\n<\/div>\r\n<div id=\"quees\" class=\"lineaxl\">\r\n<h2>\u00bfQu\u00e9 es la Blefaritis?<\/h2>\r\n<\/div>\r\n<div class=\"uk-grid \">\r\n<div class=\" uk-width-7-10\">\r\n<p>La <b>blefaritis<\/b> es una inflamaci\u00f3n com\u00fan y permanente de los rebordes de los p\u00e1rpados. En la mayor\u00eda de los casos suelen ser inflamaciones palpebrales leves pero si no se ponen en pr\u00e1ctica las medidas terap\u00e9uticas adecuadas pueden acabar provocando complicaciones. En el reborde de los p\u00e1rpados se encuentran part\u00edculas de grasa y bacterias que recubren la base de las pesta\u00f1as y la salida de las <b>gl\u00e1ndulas de Meibomio<\/b> (que son las que sirven para producir la grasa que forma parte de las l\u00e1grimas).<\/p>\r\n<\/div>\r\n<div class=\" uk-width-3-10\" style=\"text-align: center;\"><img decoding=\"async\" src=\"https:\/\/clinicaoftalmologicarubi.com\/wp-content\/uploads\/Blefaritis.webp\" alt=\"Closeup shot of female closed eye and brows with day makeup\" width=\"50%\" \/><\/div>\r\n<\/div>\r\n<div id=\"sintomas\" class=\"lineaxl\">\r\n<h2>S\u00edntomas<\/h2>\r\n<\/div>\r\n<p>Una blefaritis puede causar irritaci\u00f3n, picor, sensaci\u00f3n de arenilla, enrojecimiento, escozor, lagrimeo, fotofobia, parpadeo excesivo o visi\u00f3n borrosa. La mayor\u00eda de estos s\u00edntomas se producen debido a la alteraci\u00f3n secundaria de la producci\u00f3n de la pel\u00edcula lagrimal. Si las gl\u00e1ndulas se cierran o se infectan aparecer\u00e1n los llamados <b>orzuelos y\/o chalazi\u00f3n<\/b>.<\/p>\r\n<div id=\"sepuedecontagiar\" class=\"lineaxl\">\r\n<h2>\u00bfSe puede contagiar?<\/h2>\r\n<\/div>\r\n<p>La blefaritis no es un proceso contagioso pero parece que s\u00ed existe cierta base gen\u00e9tica, ya que hay familias en las que es frecuente que varios de sus miembros tengan blefaritis. El hallazgo de esta enfermedad puede asociarse tambi\u00e9n a la presencia de procesos al\u00e9rgicos, dermatitis seborreica o ros\u00e1cea. Sin embargo, en la mayor\u00eda de casos aparecen de forma aislada.<\/p>\r\n<p>Aunque el signo cl\u00ednico (lo que el m\u00e9dico ve) puede haber estado presente durante mucho tiempo atr\u00e1s, los s\u00edntomas (lo que el paciente nota) se desencadenan cuando fracasa el delicado equilibrio entre la superficie ocular y la l\u00e1grima alterada.<\/p>\r\n<div class=\"lineaxl\">\r\n<h2 id=\"tiposblefaritis\">Tipos de blefaritis<\/h2>\r\n<\/div>\r\n<p>Conocer el tipo de blefaritis es importante para poder aplicar el tratamiento correcto. Esta enfermedad puede estar asociada a infecciones oculares, s\u00edntomas de ojo seco, o incluso patolog\u00edas de la piel; dermatitis seborreica o acn\u00e9 ros\u00e1cea.<\/p>\r\n<p>Hay dos tipos distintos de blefaritis:<\/p>\r\n<div class=\"listmedicos\" style=\"padding-top: 0px;\">\r\n<ul>\r\n\t<li>La <b>blefaritis anterior<\/b> afecta la parte externa del p\u00e1rpado, en el nacimiento de las pesta\u00f1as. Puede estar causada por una infecci\u00f3n bacteriana y\/o v\u00edrica. Tambi\u00e9n puede asociarse a afecciones de la piel.<\/li>\r\n\t<li>La <b>blefaritis posterior<\/b> se produce por la alteraci\u00f3n de las gl\u00e1ndulas de Meibomio. Cuando \u00e9stas se cierran o se infectan aparecer\u00e1n los llamados orzuelos y\/o chalazi\u00f3n.<\/li>\r\n<\/ul>\r\n<p>Ambos tipos de blefaritis pueden darse al mismo tiempo y en diversos grados.<\/p>\r\n<\/div>\r\n<div id=\"sepuedecomplicar\" class=\"lineaxl\">\r\n<h2>\u00bfSe puede complicar?<\/h2>\r\n<\/div>\r\n<p>S\u00ed, la blefaritis se puede complicar aunque depende de varios factores como el <a href=\"#tiposblefaritis\">tipo de blefaritis<\/a>, enfermedades asociadas, diagn\u00f3stico adecuado y tratamiento correcto. Una de las peores complicaciones se observan cuando existe alteraciones corneales. El fallo de la secreci\u00f3n grasa que deber\u00edan producir las gl\u00e1ndulas de Meibomio producen una alteraci\u00f3n en la funci\u00f3n protectora de la capa lip\u00eddica de la l\u00e1grima y puede llegar a da\u00f1ar la c\u00f3rnea, comprometi\u00e9ndose su transparencia.<\/p>\r\n<div id=\"comosecura\" class=\"lineaxl\">\r\n<h2>\u00bfC\u00f3mo se cura la Blefaritis?<\/h2>\r\n<\/div>\r\n<p>La blefaritis no se cura pero s\u00ed se puede llegar a controlar. El uso de calor local, toallitas desinfectantes, lubricantes y, en casos m\u00e1s severos, antiinflamatorios, har\u00e1n que remitan los s\u00edntomas. Su m\u00e9dico le indicar\u00e1 los pasos a seguir para que esta enfermedad no altere su calidad de vida.<\/p>\r\n<\/div>","protected":false},"excerpt":{"rendered":"<p>\u00bfQu\u00e9 es la Blefaritis? S\u00edntomas \u00bfSe puede contagiar? Tipos de blefaritis \u00bfSe puede complicar? \u00bfC\u00f3mo se cura la Blefaritis? QU\u00c9 DEBES SABER La blefaritis es una inflamaci\u00f3n cr\u00f3nica de los p\u00e1rpados que puede llegar a desencadenar un orzuelo y\/o chalazi\u00f3n. S\u00edntomas m\u00e1s frecuentes: irritaci\u00f3n, picor, sensaci\u00f3n de arenilla, enrojecimiento, escozor, lagrimeo, fotofobia, parpadeo excesivo o [&hellip;]<\/p>\n","protected":false},"author":1,"featured_media":0,"parent":0,"menu_order":0,"comment_status":"closed","ping_status":"closed","template":"","meta":{"footnotes":""},"class_list":["post-421","page","type-page","status-publish","hentry"],"yoast_head":"<!-- This site is optimized with the Yoast SEO plugin v27.4 - https:\/\/yoast.com\/product\/yoast-seo-wordpress\/ -->\n<title>Tratamiento de Blefaritis en Rub\u00ed | Salud Ocular Especializada<\/title>\n<meta name=\"description\" content=\"Control de la blefaritis para aliviar inflamaci\u00f3n, irritaci\u00f3n, escozor y otros s\u00edntomas palpebrales mediante tratamientos personalizados y efectivos.\" \/>\n<meta name=\"robots\" content=\"index, follow, max-snippet:-1, max-image-preview:large, max-video-preview:-1\" \/>\n<link rel=\"canonical\" href=\"https:\/\/clinicaoftalmologicarubi.com\/es\/blefaritis\/\" \/>\n<meta property=\"og:locale\" content=\"es_ES\" \/>\n<meta property=\"og:type\" content=\"article\" \/>\n<meta property=\"og:title\" content=\"Tratamiento de Blefaritis en Rub\u00ed | Salud Ocular Especializada\" \/>\n<meta property=\"og:description\" content=\"Control de la blefaritis para aliviar inflamaci\u00f3n, irritaci\u00f3n, escozor y otros s\u00edntomas palpebrales mediante tratamientos personalizados y efectivos.\" \/>\n<meta property=\"og:url\" content=\"https:\/\/clinicaoftalmologicarubi.com\/es\/blefaritis\/\" \/>\n<meta property=\"og:site_name\" content=\"Clinica Oftalmologica Rub\u00ed\" \/>\n<meta property=\"article:publisher\" content=\"https:\/\/www.facebook.com\/CLINICAOFTALMOLOGICARUBI\/\" \/>\n<meta property=\"article:modified_time\" content=\"2025-07-14T15:24:03+00:00\" \/>\n<meta property=\"og:image\" content=\"https:\/\/clinicaoftalmologicarubi.com\/wp-content\/uploads\/Blefaritis.webp\" \/>\n<meta name=\"twitter:card\" content=\"summary_large_image\" \/>\n<meta name=\"twitter:site\" content=\"@OftalmologoRubi\" \/>\n<meta name=\"twitter:label1\" content=\"Tiempo de lectura\" \/>\n\t<meta name=\"twitter:data1\" content=\"4 minutos\" \/>\n<script type=\"application\/ld+json\" class=\"yoast-schema-graph\">{\"@context\":\"https:\\\/\\\/schema.org\",\"@graph\":[{\"@type\":\"WebPage\",\"@id\":\"https:\\\/\\\/clinicaoftalmologicarubi.com\\\/es\\\/blefaritis\\\/\",\"url\":\"https:\\\/\\\/clinicaoftalmologicarubi.com\\\/es\\\/blefaritis\\\/\",\"name\":\"Tratamiento de Blefaritis en Rub\u00ed | Salud Ocular Especializada\",\"isPartOf\":{\"@id\":\"https:\\\/\\\/clinicaoftalmologicarubi.com\\\/#website\"},\"primaryImageOfPage\":{\"@id\":\"https:\\\/\\\/clinicaoftalmologicarubi.com\\\/es\\\/blefaritis\\\/#primaryimage\"},\"image\":{\"@id\":\"https:\\\/\\\/clinicaoftalmologicarubi.com\\\/es\\\/blefaritis\\\/#primaryimage\"},\"thumbnailUrl\":\"https:\\\/\\\/clinicaoftalmologicarubi.com\\\/wp-content\\\/uploads\\\/Blefaritis.webp\",\"datePublished\":\"2016-05-12T15:28:21+00:00\",\"dateModified\":\"2025-07-14T15:24:03+00:00\",\"description\":\"Control de la blefaritis para aliviar inflamaci\u00f3n, irritaci\u00f3n, escozor y otros s\u00edntomas palpebrales mediante tratamientos personalizados y efectivos.\",\"breadcrumb\":{\"@id\":\"https:\\\/\\\/clinicaoftalmologicarubi.com\\\/es\\\/blefaritis\\\/#breadcrumb\"},\"inLanguage\":\"es\",\"potentialAction\":[{\"@type\":\"ReadAction\",\"target\":[\"https:\\\/\\\/clinicaoftalmologicarubi.com\\\/es\\\/blefaritis\\\/\"]}]},{\"@type\":\"ImageObject\",\"inLanguage\":\"es\",\"@id\":\"https:\\\/\\\/clinicaoftalmologicarubi.com\\\/es\\\/blefaritis\\\/#primaryimage\",\"url\":\"https:\\\/\\\/clinicaoftalmologicarubi.com\\\/wp-content\\\/uploads\\\/Blefaritis.webp\",\"contentUrl\":\"https:\\\/\\\/clinicaoftalmologicarubi.com\\\/wp-content\\\/uploads\\\/Blefaritis.webp\"},{\"@type\":\"BreadcrumbList\",\"@id\":\"https:\\\/\\\/clinicaoftalmologicarubi.com\\\/es\\\/blefaritis\\\/#breadcrumb\",\"itemListElement\":[{\"@type\":\"ListItem\",\"position\":1,\"name\":\"Portada\",\"item\":\"https:\\\/\\\/clinicaoftalmologicarubi.com\\\/\"},{\"@type\":\"ListItem\",\"position\":2,\"name\":\"Blefaritis\"}]},{\"@type\":\"WebSite\",\"@id\":\"https:\\\/\\\/clinicaoftalmologicarubi.com\\\/#website\",\"url\":\"https:\\\/\\\/clinicaoftalmologicarubi.com\\\/\",\"name\":\"Clinica Oftalmologica Rub\u00ed\",\"description\":\"Cirugia Oftalmologica\",\"publisher\":{\"@id\":\"https:\\\/\\\/clinicaoftalmologicarubi.com\\\/#organization\"},\"potentialAction\":[{\"@type\":\"SearchAction\",\"target\":{\"@type\":\"EntryPoint\",\"urlTemplate\":\"https:\\\/\\\/clinicaoftalmologicarubi.com\\\/?s={search_term_string}\"},\"query-input\":{\"@type\":\"PropertyValueSpecification\",\"valueRequired\":true,\"valueName\":\"search_term_string\"}}],\"inLanguage\":\"es\"},{\"@type\":\"Organization\",\"@id\":\"https:\\\/\\\/clinicaoftalmologicarubi.com\\\/#organization\",\"name\":\"Clinica oftalmologica Rubi\",\"url\":\"https:\\\/\\\/clinicaoftalmologicarubi.com\\\/\",\"logo\":{\"@type\":\"ImageObject\",\"inLanguage\":\"es\",\"@id\":\"https:\\\/\\\/clinicaoftalmologicarubi.com\\\/#\\\/schema\\\/logo\\\/image\\\/\",\"url\":\"https:\\\/\\\/clinicaoftalmologicarubi.com\\\/wp-content\\\/uploads\\\/clinica.oftalmologica.rubi_.logo_.png\",\"contentUrl\":\"https:\\\/\\\/clinicaoftalmologicarubi.com\\\/wp-content\\\/uploads\\\/clinica.oftalmologica.rubi_.logo_.png\",\"width\":1332,\"height\":373,\"caption\":\"Clinica oftalmologica Rubi\"},\"image\":{\"@id\":\"https:\\\/\\\/clinicaoftalmologicarubi.com\\\/#\\\/schema\\\/logo\\\/image\\\/\"},\"sameAs\":[\"https:\\\/\\\/www.facebook.com\\\/CLINICAOFTALMOLOGICARUBI\\\/\",\"https:\\\/\\\/x.com\\\/OftalmologoRubi\"]}]}<\/script>\n<!-- \/ Yoast SEO plugin. -->","yoast_head_json":{"title":"Tratamiento de Blefaritis en Rub\u00ed | Salud Ocular Especializada","description":"Control de la blefaritis para aliviar inflamaci\u00f3n, irritaci\u00f3n, escozor y otros s\u00edntomas palpebrales mediante tratamientos personalizados y efectivos.","robots":{"index":"index","follow":"follow","max-snippet":"max-snippet:-1","max-image-preview":"max-image-preview:large","max-video-preview":"max-video-preview:-1"},"canonical":"https:\/\/clinicaoftalmologicarubi.com\/es\/blefaritis\/","og_locale":"es_ES","og_type":"article","og_title":"Tratamiento de Blefaritis en Rub\u00ed | Salud Ocular Especializada","og_description":"Control de la blefaritis para aliviar inflamaci\u00f3n, irritaci\u00f3n, escozor y otros s\u00edntomas palpebrales mediante tratamientos personalizados y efectivos.","og_url":"https:\/\/clinicaoftalmologicarubi.com\/es\/blefaritis\/","og_site_name":"Clinica Oftalmologica Rub\u00ed","article_publisher":"https:\/\/www.facebook.com\/CLINICAOFTALMOLOGICARUBI\/","article_modified_time":"2025-07-14T15:24:03+00:00","og_image":[{"url":"https:\/\/clinicaoftalmologicarubi.com\/wp-content\/uploads\/Blefaritis.webp","type":"","width":"","height":""}],"twitter_card":"summary_large_image","twitter_site":"@OftalmologoRubi","twitter_misc":{"Tiempo de lectura":"4 minutos"},"schema":{"@context":"https:\/\/schema.org","@graph":[{"@type":"WebPage","@id":"https:\/\/clinicaoftalmologicarubi.com\/es\/blefaritis\/","url":"https:\/\/clinicaoftalmologicarubi.com\/es\/blefaritis\/","name":"Tratamiento de Blefaritis en Rub\u00ed | Salud Ocular Especializada","isPartOf":{"@id":"https:\/\/clinicaoftalmologicarubi.com\/#website"},"primaryImageOfPage":{"@id":"https:\/\/clinicaoftalmologicarubi.com\/es\/blefaritis\/#primaryimage"},"image":{"@id":"https:\/\/clinicaoftalmologicarubi.com\/es\/blefaritis\/#primaryimage"},"thumbnailUrl":"https:\/\/clinicaoftalmologicarubi.com\/wp-content\/uploads\/Blefaritis.webp","datePublished":"2016-05-12T15:28:21+00:00","dateModified":"2025-07-14T15:24:03+00:00","description":"Control de la blefaritis para aliviar inflamaci\u00f3n, irritaci\u00f3n, escozor y otros s\u00edntomas palpebrales mediante tratamientos personalizados y efectivos.","breadcrumb":{"@id":"https:\/\/clinicaoftalmologicarubi.com\/es\/blefaritis\/#breadcrumb"},"inLanguage":"es","potentialAction":[{"@type":"ReadAction","target":["https:\/\/clinicaoftalmologicarubi.com\/es\/blefaritis\/"]}]},{"@type":"ImageObject","inLanguage":"es","@id":"https:\/\/clinicaoftalmologicarubi.com\/es\/blefaritis\/#primaryimage","url":"https:\/\/clinicaoftalmologicarubi.com\/wp-content\/uploads\/Blefaritis.webp","contentUrl":"https:\/\/clinicaoftalmologicarubi.com\/wp-content\/uploads\/Blefaritis.webp"},{"@type":"BreadcrumbList","@id":"https:\/\/clinicaoftalmologicarubi.com\/es\/blefaritis\/#breadcrumb","itemListElement":[{"@type":"ListItem","position":1,"name":"Portada","item":"https:\/\/clinicaoftalmologicarubi.com\/"},{"@type":"ListItem","position":2,"name":"Blefaritis"}]},{"@type":"WebSite","@id":"https:\/\/clinicaoftalmologicarubi.com\/#website","url":"https:\/\/clinicaoftalmologicarubi.com\/","name":"Clinica Oftalmologica Rub\u00ed","description":"Cirugia Oftalmologica","publisher":{"@id":"https:\/\/clinicaoftalmologicarubi.com\/#organization"},"potentialAction":[{"@type":"SearchAction","target":{"@type":"EntryPoint","urlTemplate":"https:\/\/clinicaoftalmologicarubi.com\/?s={search_term_string}"},"query-input":{"@type":"PropertyValueSpecification","valueRequired":true,"valueName":"search_term_string"}}],"inLanguage":"es"},{"@type":"Organization","@id":"https:\/\/clinicaoftalmologicarubi.com\/#organization","name":"Clinica oftalmologica Rubi","url":"https:\/\/clinicaoftalmologicarubi.com\/","logo":{"@type":"ImageObject","inLanguage":"es","@id":"https:\/\/clinicaoftalmologicarubi.com\/#\/schema\/logo\/image\/","url":"https:\/\/clinicaoftalmologicarubi.com\/wp-content\/uploads\/clinica.oftalmologica.rubi_.logo_.png","contentUrl":"https:\/\/clinicaoftalmologicarubi.com\/wp-content\/uploads\/clinica.oftalmologica.rubi_.logo_.png","width":1332,"height":373,"caption":"Clinica oftalmologica Rubi"},"image":{"@id":"https:\/\/clinicaoftalmologicarubi.com\/#\/schema\/logo\/image\/"},"sameAs":["https:\/\/www.facebook.com\/CLINICAOFTALMOLOGICARUBI\/","https:\/\/x.com\/OftalmologoRubi"]}]}},"_links":{"self":[{"href":"https:\/\/clinicaoftalmologicarubi.com\/es\/wp-json\/wp\/v2\/pages\/421","targetHints":{"allow":["GET"]}}],"collection":[{"href":"https:\/\/clinicaoftalmologicarubi.com\/es\/wp-json\/wp\/v2\/pages"}],"about":[{"href":"https:\/\/clinicaoftalmologicarubi.com\/es\/wp-json\/wp\/v2\/types\/page"}],"author":[{"embeddable":true,"href":"https:\/\/clinicaoftalmologicarubi.com\/es\/wp-json\/wp\/v2\/users\/1"}],"replies":[{"embeddable":true,"href":"https:\/\/clinicaoftalmologicarubi.com\/es\/wp-json\/wp\/v2\/comments?post=421"}],"version-history":[{"count":24,"href":"https:\/\/clinicaoftalmologicarubi.com\/es\/wp-json\/wp\/v2\/pages\/421\/revisions"}],"predecessor-version":[{"id":2770,"href":"https:\/\/clinicaoftalmologicarubi.com\/es\/wp-json\/wp\/v2\/pages\/421\/revisions\/2770"}],"wp:attachment":[{"href":"https:\/\/clinicaoftalmologicarubi.com\/es\/wp-json\/wp\/v2\/media?parent=421"}],"curies":[{"name":"wp","href":"https:\/\/api.w.org\/{rel}","templated":true}]}}