{"id":426,"date":"2016-05-12T15:33:09","date_gmt":"2016-05-12T15:33:09","guid":{"rendered":"http:\/\/clinicaoftalmologicarubi.com\/?page_id=426"},"modified":"2025-07-14T16:59:33","modified_gmt":"2025-07-14T14:59:33","slug":"ojo-vago","status":"publish","type":"page","link":"https:\/\/clinicaoftalmologicarubi.com\/es\/ojo-vago\/","title":{"rendered":"Ojo Vago"},"content":{"rendered":"<div class=\"articuloo\">\r\n<div class=\"uk-grid \">\r\n<div class=\"listmedicos uk-width-7-10\" data-grid-prepared=\"true\">\r\n<ul>\r\n\t<li><a href=\"#quees\">\u00bfQu\u00e9 es el Ojo Vago?<\/a><\/li>\r\n\t<li><a href=\"#comosedesarrolla\">\u00bfC\u00f3mo se desarrolla la visi\u00f3n durante la infancia?<\/a><\/li>\r\n\t<li><a href=\"#lapatologia\">La patolog\u00eda<\/a><\/li>\r\n\t<li><a href=\"#causasdelaambliopia\">Causas de la ambliop\u00eda<\/a><\/li>\r\n\t<li><a href=\"#tratamiento\">Tratamiento<\/a><\/li>\r\n<\/ul>\r\n<\/div>\r\n<div class=\"listmedicos uk-width-3-10\" data-grid-prepared=\"true\"><img fetchpriority=\"high\" decoding=\"async\" class=\"alignnone size-full wp-image-2720\" src=\"https:\/\/clinicaoftalmologicarubi.com\/wp-content\/uploads\/ull-gamdul.webp\" alt=\"Ull gandul - Ambliopia\" width=\"350\" height=\"229\" \/><\/div>\r\n<\/div>\r\n<div id=\"quees\" class=\"lineaxl\">\r\n<h2>\u00bfQu\u00e9 es el Ojo Vago?<\/h2>\r\n<\/div>\r\n<p>La ambliop\u00eda u \u201cojo vago\u201d se produce cuando se manifiesta una disminuci\u00f3n de la agudeza visual por falta de desarrollo de la visi\u00f3n de un ojo. En la mayor\u00eda de los casos se inicia en ni\u00f1os y afecta aproximadamente a un 4% de la poblaci\u00f3n.<\/p>\r\n<div id=\"comosedesarrolla\" class=\"lineaxl\">\r\n<h2>\u00bfC\u00f3mo se desarrolla la visi\u00f3n durante la infancia?<\/h2>\r\n<\/div>\r\n<p>La visi\u00f3n se desarrolla durante el periodo de crecimiento de los ni\u00f1os y lo hace hasta los 10 a\u00f1os. Despu\u00e9s de esa edad la capacidad de mejorar la visi\u00f3n es ya muy improbable.<\/p>\r\n<p>Si durante este per\u00edodo de desarrollo visual sucede alguna alteraci\u00f3n en el ojo, la capacidad visual del ojo afectado no solo se detiene sino que decrece .<\/p>\r\n<div id=\"lapatologia\" class=\"lineaxl\">\r\n<h2>La patolog\u00eda<\/h2>\r\n<\/div>\r\n<p>En una visi\u00f3n correcta, los ojos y el cerebro trabajan conjuntamente. Esto quiere decir que el cerebro recibe las im\u00e1genes proyectadas por cada uno de los ojos y las fusiona como una imagen \u00fanica y clara. Si las im\u00e1genes que recibe el cerebro por parte de cada uno de los ojos son diferentes, el cerebro anula una de ellas para no ver doble, favoreciendo el desarrollo de la visi\u00f3n del mejor ojo y dejando el otro como el ojo vago.<\/p>\r\n<div id=\"causasdelaambliopia\" class=\"lineaxl\">\r\n<h2>Causas de la ambliop\u00eda<\/h2>\r\n<\/div>\r\n<p>Una de las causas de la ambliop\u00eda es el <a href=\"?page_id=559\">estrabismo<\/a>, pues el mal alineamiento de un ojo no permite que los dos trabajen juntos. Otra causa son los defectos refractivos como la hipermetrop\u00eda, la miop\u00eda y el astigmatismo. Tambi\u00e9n una diferencia grande de dioptr\u00edas entre un ojo y otro (anisometrop\u00eda) puede derivar en una ambliop\u00eda. Por \u00faltimo y aunque menos frecuentemente la catarata cong\u00e9nita y las lesiones en la c\u00f3rnea pueden ser tambi\u00e9n otra causa de la ambliop\u00eda.<\/p>\r\n<div id=\"tratamiento\" class=\"lineaxl\">\r\n<h2>Tratamiento<\/h2>\r\n<\/div>\r\n<p><strong>El tratamiento es la oclusi\u00f3n del ojo sano con los famosos \u201cparches\u201d<\/strong>. Tapando el ojo sano conseguiremos que el \u201cojo vago\u201d se esfuerce por desarrollarse correctamente.<\/p>\r\n<\/div>","protected":false},"excerpt":{"rendered":"<p>\u00bfQu\u00e9 es el Ojo Vago? \u00bfC\u00f3mo se desarrolla la visi\u00f3n durante la infancia? La patolog\u00eda Causas de la ambliop\u00eda Tratamiento \u00bfQu\u00e9 es el Ojo Vago? La ambliop\u00eda u \u201cojo vago\u201d se produce cuando se manifiesta una disminuci\u00f3n de la agudeza visual por falta de desarrollo de la visi\u00f3n de un ojo. En la mayor\u00eda de [&hellip;]<\/p>\n","protected":false},"author":1,"featured_media":0,"parent":0,"menu_order":0,"comment_status":"closed","ping_status":"closed","template":"","meta":{"footnotes":""},"class_list":["post-426","page","type-page","status-publish","hentry"],"yoast_head":"<!-- This site is optimized with the Yoast SEO plugin v27.3 - https:\/\/yoast.com\/product\/yoast-seo-wordpress\/ -->\n<title>Tratamiento del Ojo Vago en Rub\u00ed | Especialistas en Ambliop\u00eda<\/title>\n<meta name=\"description\" content=\"Diagn\u00f3stico y tratamiento del ojo vago en ni\u00f1os. Correcci\u00f3n mediante t\u00e9cnicas como la oclusi\u00f3n ocular para estimular el desarrollo visual.\" \/>\n<meta name=\"robots\" content=\"index, follow, max-snippet:-1, max-image-preview:large, max-video-preview:-1\" \/>\n<link rel=\"canonical\" href=\"https:\/\/clinicaoftalmologicarubi.com\/es\/ojo-vago\/\" \/>\n<meta property=\"og:locale\" content=\"es_ES\" \/>\n<meta property=\"og:type\" content=\"article\" \/>\n<meta property=\"og:title\" content=\"Tratamiento del Ojo Vago en Rub\u00ed | Especialistas en Ambliop\u00eda\" \/>\n<meta property=\"og:description\" content=\"Diagn\u00f3stico y tratamiento del ojo vago en ni\u00f1os. Correcci\u00f3n mediante t\u00e9cnicas como la oclusi\u00f3n ocular para estimular el desarrollo visual.\" \/>\n<meta property=\"og:url\" content=\"https:\/\/clinicaoftalmologicarubi.com\/es\/ojo-vago\/\" \/>\n<meta property=\"og:site_name\" content=\"Clinica Oftalmologica Rub\u00ed\" \/>\n<meta property=\"article:publisher\" content=\"https:\/\/www.facebook.com\/CLINICAOFTALMOLOGICARUBI\/\" \/>\n<meta property=\"article:modified_time\" content=\"2025-07-14T14:59:33+00:00\" \/>\n<meta property=\"og:image\" content=\"https:\/\/clinicaoftalmologicarubi.com\/wp-content\/uploads\/ull-gamdul.webp\" \/>\n\t<meta property=\"og:image:width\" content=\"350\" \/>\n\t<meta property=\"og:image:height\" content=\"229\" \/>\n\t<meta property=\"og:image:type\" content=\"image\/webp\" \/>\n<meta name=\"twitter:card\" content=\"summary_large_image\" \/>\n<meta name=\"twitter:site\" content=\"@OftalmologoRubi\" \/>\n<meta name=\"twitter:label1\" content=\"Tiempo de lectura\" \/>\n\t<meta name=\"twitter:data1\" content=\"2 minutos\" \/>\n<script type=\"application\/ld+json\" class=\"yoast-schema-graph\">{\"@context\":\"https:\\\/\\\/schema.org\",\"@graph\":[{\"@type\":\"WebPage\",\"@id\":\"https:\\\/\\\/clinicaoftalmologicarubi.com\\\/es\\\/ojo-vago\\\/\",\"url\":\"https:\\\/\\\/clinicaoftalmologicarubi.com\\\/es\\\/ojo-vago\\\/\",\"name\":\"Tratamiento del Ojo Vago en Rub\u00ed | Especialistas en Ambliop\u00eda\",\"isPartOf\":{\"@id\":\"https:\\\/\\\/clinicaoftalmologicarubi.com\\\/#website\"},\"primaryImageOfPage\":{\"@id\":\"https:\\\/\\\/clinicaoftalmologicarubi.com\\\/es\\\/ojo-vago\\\/#primaryimage\"},\"image\":{\"@id\":\"https:\\\/\\\/clinicaoftalmologicarubi.com\\\/es\\\/ojo-vago\\\/#primaryimage\"},\"thumbnailUrl\":\"https:\\\/\\\/clinicaoftalmologicarubi.com\\\/wp-content\\\/uploads\\\/ull-gamdul.webp\",\"datePublished\":\"2016-05-12T15:33:09+00:00\",\"dateModified\":\"2025-07-14T14:59:33+00:00\",\"description\":\"Diagn\u00f3stico y tratamiento del ojo vago en ni\u00f1os. Correcci\u00f3n mediante t\u00e9cnicas como la oclusi\u00f3n ocular para estimular el desarrollo visual.\",\"breadcrumb\":{\"@id\":\"https:\\\/\\\/clinicaoftalmologicarubi.com\\\/es\\\/ojo-vago\\\/#breadcrumb\"},\"inLanguage\":\"es\",\"potentialAction\":[{\"@type\":\"ReadAction\",\"target\":[\"https:\\\/\\\/clinicaoftalmologicarubi.com\\\/es\\\/ojo-vago\\\/\"]}]},{\"@type\":\"ImageObject\",\"inLanguage\":\"es\",\"@id\":\"https:\\\/\\\/clinicaoftalmologicarubi.com\\\/es\\\/ojo-vago\\\/#primaryimage\",\"url\":\"https:\\\/\\\/clinicaoftalmologicarubi.com\\\/wp-content\\\/uploads\\\/ull-gamdul.webp\",\"contentUrl\":\"https:\\\/\\\/clinicaoftalmologicarubi.com\\\/wp-content\\\/uploads\\\/ull-gamdul.webp\"},{\"@type\":\"BreadcrumbList\",\"@id\":\"https:\\\/\\\/clinicaoftalmologicarubi.com\\\/es\\\/ojo-vago\\\/#breadcrumb\",\"itemListElement\":[{\"@type\":\"ListItem\",\"position\":1,\"name\":\"Portada\",\"item\":\"https:\\\/\\\/clinicaoftalmologicarubi.com\\\/\"},{\"@type\":\"ListItem\",\"position\":2,\"name\":\"Ojo Vago\"}]},{\"@type\":\"WebSite\",\"@id\":\"https:\\\/\\\/clinicaoftalmologicarubi.com\\\/#website\",\"url\":\"https:\\\/\\\/clinicaoftalmologicarubi.com\\\/\",\"name\":\"Clinica Oftalmologica Rub\u00ed\",\"description\":\"Cirugia Oftalmologica\",\"publisher\":{\"@id\":\"https:\\\/\\\/clinicaoftalmologicarubi.com\\\/#organization\"},\"potentialAction\":[{\"@type\":\"SearchAction\",\"target\":{\"@type\":\"EntryPoint\",\"urlTemplate\":\"https:\\\/\\\/clinicaoftalmologicarubi.com\\\/?s={search_term_string}\"},\"query-input\":{\"@type\":\"PropertyValueSpecification\",\"valueRequired\":true,\"valueName\":\"search_term_string\"}}],\"inLanguage\":\"es\"},{\"@type\":\"Organization\",\"@id\":\"https:\\\/\\\/clinicaoftalmologicarubi.com\\\/#organization\",\"name\":\"Clinica oftalmologica Rubi\",\"url\":\"https:\\\/\\\/clinicaoftalmologicarubi.com\\\/\",\"logo\":{\"@type\":\"ImageObject\",\"inLanguage\":\"es\",\"@id\":\"https:\\\/\\\/clinicaoftalmologicarubi.com\\\/#\\\/schema\\\/logo\\\/image\\\/\",\"url\":\"https:\\\/\\\/clinicaoftalmologicarubi.com\\\/wp-content\\\/uploads\\\/clinica.oftalmologica.rubi_.logo_.png\",\"contentUrl\":\"https:\\\/\\\/clinicaoftalmologicarubi.com\\\/wp-content\\\/uploads\\\/clinica.oftalmologica.rubi_.logo_.png\",\"width\":1332,\"height\":373,\"caption\":\"Clinica oftalmologica Rubi\"},\"image\":{\"@id\":\"https:\\\/\\\/clinicaoftalmologicarubi.com\\\/#\\\/schema\\\/logo\\\/image\\\/\"},\"sameAs\":[\"https:\\\/\\\/www.facebook.com\\\/CLINICAOFTALMOLOGICARUBI\\\/\",\"https:\\\/\\\/x.com\\\/OftalmologoRubi\"]}]}<\/script>\n<!-- \/ Yoast SEO plugin. -->","yoast_head_json":{"title":"Tratamiento del Ojo Vago en Rub\u00ed | Especialistas en Ambliop\u00eda","description":"Diagn\u00f3stico y tratamiento del ojo vago en ni\u00f1os. Correcci\u00f3n mediante t\u00e9cnicas como la oclusi\u00f3n ocular para estimular el desarrollo visual.","robots":{"index":"index","follow":"follow","max-snippet":"max-snippet:-1","max-image-preview":"max-image-preview:large","max-video-preview":"max-video-preview:-1"},"canonical":"https:\/\/clinicaoftalmologicarubi.com\/es\/ojo-vago\/","og_locale":"es_ES","og_type":"article","og_title":"Tratamiento del Ojo Vago en Rub\u00ed | Especialistas en Ambliop\u00eda","og_description":"Diagn\u00f3stico y tratamiento del ojo vago en ni\u00f1os. Correcci\u00f3n mediante t\u00e9cnicas como la oclusi\u00f3n ocular para estimular el desarrollo visual.","og_url":"https:\/\/clinicaoftalmologicarubi.com\/es\/ojo-vago\/","og_site_name":"Clinica Oftalmologica Rub\u00ed","article_publisher":"https:\/\/www.facebook.com\/CLINICAOFTALMOLOGICARUBI\/","article_modified_time":"2025-07-14T14:59:33+00:00","og_image":[{"width":350,"height":229,"url":"https:\/\/clinicaoftalmologicarubi.com\/wp-content\/uploads\/ull-gamdul.webp","type":"image\/webp"}],"twitter_card":"summary_large_image","twitter_site":"@OftalmologoRubi","twitter_misc":{"Tiempo de lectura":"2 minutos"},"schema":{"@context":"https:\/\/schema.org","@graph":[{"@type":"WebPage","@id":"https:\/\/clinicaoftalmologicarubi.com\/es\/ojo-vago\/","url":"https:\/\/clinicaoftalmologicarubi.com\/es\/ojo-vago\/","name":"Tratamiento del Ojo Vago en Rub\u00ed | Especialistas en Ambliop\u00eda","isPartOf":{"@id":"https:\/\/clinicaoftalmologicarubi.com\/#website"},"primaryImageOfPage":{"@id":"https:\/\/clinicaoftalmologicarubi.com\/es\/ojo-vago\/#primaryimage"},"image":{"@id":"https:\/\/clinicaoftalmologicarubi.com\/es\/ojo-vago\/#primaryimage"},"thumbnailUrl":"https:\/\/clinicaoftalmologicarubi.com\/wp-content\/uploads\/ull-gamdul.webp","datePublished":"2016-05-12T15:33:09+00:00","dateModified":"2025-07-14T14:59:33+00:00","description":"Diagn\u00f3stico y tratamiento del ojo vago en ni\u00f1os. Correcci\u00f3n mediante t\u00e9cnicas como la oclusi\u00f3n ocular para estimular el desarrollo visual.","breadcrumb":{"@id":"https:\/\/clinicaoftalmologicarubi.com\/es\/ojo-vago\/#breadcrumb"},"inLanguage":"es","potentialAction":[{"@type":"ReadAction","target":["https:\/\/clinicaoftalmologicarubi.com\/es\/ojo-vago\/"]}]},{"@type":"ImageObject","inLanguage":"es","@id":"https:\/\/clinicaoftalmologicarubi.com\/es\/ojo-vago\/#primaryimage","url":"https:\/\/clinicaoftalmologicarubi.com\/wp-content\/uploads\/ull-gamdul.webp","contentUrl":"https:\/\/clinicaoftalmologicarubi.com\/wp-content\/uploads\/ull-gamdul.webp"},{"@type":"BreadcrumbList","@id":"https:\/\/clinicaoftalmologicarubi.com\/es\/ojo-vago\/#breadcrumb","itemListElement":[{"@type":"ListItem","position":1,"name":"Portada","item":"https:\/\/clinicaoftalmologicarubi.com\/"},{"@type":"ListItem","position":2,"name":"Ojo Vago"}]},{"@type":"WebSite","@id":"https:\/\/clinicaoftalmologicarubi.com\/#website","url":"https:\/\/clinicaoftalmologicarubi.com\/","name":"Clinica Oftalmologica Rub\u00ed","description":"Cirugia Oftalmologica","publisher":{"@id":"https:\/\/clinicaoftalmologicarubi.com\/#organization"},"potentialAction":[{"@type":"SearchAction","target":{"@type":"EntryPoint","urlTemplate":"https:\/\/clinicaoftalmologicarubi.com\/?s={search_term_string}"},"query-input":{"@type":"PropertyValueSpecification","valueRequired":true,"valueName":"search_term_string"}}],"inLanguage":"es"},{"@type":"Organization","@id":"https:\/\/clinicaoftalmologicarubi.com\/#organization","name":"Clinica oftalmologica Rubi","url":"https:\/\/clinicaoftalmologicarubi.com\/","logo":{"@type":"ImageObject","inLanguage":"es","@id":"https:\/\/clinicaoftalmologicarubi.com\/#\/schema\/logo\/image\/","url":"https:\/\/clinicaoftalmologicarubi.com\/wp-content\/uploads\/clinica.oftalmologica.rubi_.logo_.png","contentUrl":"https:\/\/clinicaoftalmologicarubi.com\/wp-content\/uploads\/clinica.oftalmologica.rubi_.logo_.png","width":1332,"height":373,"caption":"Clinica oftalmologica Rubi"},"image":{"@id":"https:\/\/clinicaoftalmologicarubi.com\/#\/schema\/logo\/image\/"},"sameAs":["https:\/\/www.facebook.com\/CLINICAOFTALMOLOGICARUBI\/","https:\/\/x.com\/OftalmologoRubi"]}]}},"_links":{"self":[{"href":"https:\/\/clinicaoftalmologicarubi.com\/es\/wp-json\/wp\/v2\/pages\/426","targetHints":{"allow":["GET"]}}],"collection":[{"href":"https:\/\/clinicaoftalmologicarubi.com\/es\/wp-json\/wp\/v2\/pages"}],"about":[{"href":"https:\/\/clinicaoftalmologicarubi.com\/es\/wp-json\/wp\/v2\/types\/page"}],"author":[{"embeddable":true,"href":"https:\/\/clinicaoftalmologicarubi.com\/es\/wp-json\/wp\/v2\/users\/1"}],"replies":[{"embeddable":true,"href":"https:\/\/clinicaoftalmologicarubi.com\/es\/wp-json\/wp\/v2\/comments?post=426"}],"version-history":[{"count":9,"href":"https:\/\/clinicaoftalmologicarubi.com\/es\/wp-json\/wp\/v2\/pages\/426\/revisions"}],"predecessor-version":[{"id":2724,"href":"https:\/\/clinicaoftalmologicarubi.com\/es\/wp-json\/wp\/v2\/pages\/426\/revisions\/2724"}],"wp:attachment":[{"href":"https:\/\/clinicaoftalmologicarubi.com\/es\/wp-json\/wp\/v2\/media?parent=426"}],"curies":[{"name":"wp","href":"https:\/\/api.w.org\/{rel}","templated":true}]}}