{"id":428,"date":"2016-05-12T15:35:11","date_gmt":"2016-05-12T15:35:11","guid":{"rendered":"http:\/\/clinicaoftalmologicarubi.com\/?page_id=428"},"modified":"2025-07-14T17:04:17","modified_gmt":"2025-07-14T15:04:17","slug":"baja-vision","status":"publish","type":"page","link":"https:\/\/clinicaoftalmologicarubi.com\/es\/baja-vision\/","title":{"rendered":"Baja Visi\u00f3n"},"content":{"rendered":"<div class=\"articuloo\">\r\n<div class=\"uk-grid \">\r\n<div class=\"listmedicos uk-width-7-10\" data-grid-prepared=\"true\">\r\n<ul>\r\n\t<li><a href=\"#quees\">\u00bfQu\u00e9 es la Baja Visi\u00f3n?<\/a><\/li>\r\n\t<li><a href=\"#causasbajavision\">Causas de la Baja Visi\u00f3n<\/a><\/li>\r\n\t<li><a href=\"#sintomas\">Sintomas de la Baja Visi\u00f3n<\/a><\/li>\r\n\t<li><a href=\"#ayudasvisuales\">Ayudas Visuales<\/a><\/li>\r\n<\/ul>\r\n<\/div>\r\n<div class=\"listmedicos uk-width-3-10\" data-grid-prepared=\"true\"><img fetchpriority=\"high\" decoding=\"async\" class=\"alignnone size-full wp-image-2730\" src=\"https:\/\/clinicaoftalmologicarubi.com\/wp-content\/uploads\/baixa-visio.webp\" alt=\"Baja Visi\u00f3n\" width=\"250\" height=\"351\" \/><\/div>\r\n<\/div>\r\n<div id=\"quees\" class=\"lineaxl\">\r\n<h2>\u00bfQu\u00e9 es la Baja Visi\u00f3n?<\/h2>\r\n<\/div>\r\n<p>La Baja Visi\u00f3n es una p\u00e9rdida de visi\u00f3n que dificulta la realizaci\u00f3n de las tareas diarias de una persona tales como, la lectura, la escritura, ver la televisi\u00f3n, reconocer las caras de las personas conocidas, conducir o incluso caminar solo por la calle.<\/p>\r\n<p><strong>Una persona con Baja Visi\u00f3n es aquella que, a\u00fan despu\u00e9s del tratamiento m\u00e9dico y \/ o correcci\u00f3n \u00f3ptica com\u00fan (gafas), tiene una visi\u00f3n inferior al 30% en el mejor ojo o un campo visual muy reducido (inferior a 10 \u00b0)<\/strong>. Actualmente en nuestro pa\u00eds hay m\u00e1s de 900.000 personas afectadas por la Baja Visi\u00f3n.<\/p>\r\n<div id=\"causasbajavision\" class=\"lineaxl\">\r\n<h2>Causas de la Baja Visi\u00f3n<\/h2>\r\n<\/div>\r\n<p>La Baja Visi\u00f3n puede venir dada desde el nacimiento, a causa de un accidente o bien a causa de enfermedades oculares tales como la degeneraci\u00f3n macular (DMAE), la retinopat\u00eda diab\u00e9tica, el glaucoma o la retinosis pigmentaria. Otros factores de riesgo pueden ser el alcohol, el tabaco, la exposici\u00f3n a los rayos ultravioleta o incluso una deficiencia de vitamina A.<\/p>\r\n<div id=\"sintomas\" class=\"lineaxl\">\r\n<h2>Sintomas de la Baja Visi\u00f3n<\/h2>\r\n<\/div>\r\n<div class=\"listmedicos\" style=\"padding-top: 0px;\">\r\n<ul>\r\n\t<li>Visi\u00f3n borrosa, los objetos aparecen desenfocados.<\/li>\r\n\t<li>P\u00e9rdida de visi\u00f3n central. Aparecen manchas oscuras en el centro de los objetos.<\/li>\r\n\t<li>P\u00e9rdida de contraste y deslumbramiento.<\/li>\r\n\t<li>Distorsi\u00f3n de los objetos, estos aparecen curvados u ondulados.<\/li>\r\n\t<li>P\u00e9rdida de visi\u00f3n perif\u00e9rica o visi\u00f3n en t\u00fanel.<\/li>\r\n<\/ul>\r\n<\/div>\r\n<div id=\"ayudasvisuales\" class=\"lineaxl\">\r\n<h2>Ayudas Visuales<\/h2>\r\n<\/div>\r\n<p>Una persona con Baja Visi\u00f3n no puede mejorar su visi\u00f3n con gafas convencionales, medicamentos o cirug\u00eda pero puede beneficiarse de ayudas visuales que pueden mejorar su calidad de vida. <strong>Estas ayudas visuales pueden ser desde gafas con filtros que mejoran la sensibilidad al contraste, gafas con grandes aumentos y lupas para leer, hasta telescopios, telemicroscopios y\/o ayudas no \u00f3pticas.<\/strong><\/p>\r\n<p>No todas las ayudas visuales pueden ser de utilidad para el mismo paciente, por eso durante una primera visita se analizan cu\u00e1les son las opciones de ayudas visuales m\u00e1s adecuadas para cada paciente y durante una segunda visita se hace la adaptaci\u00f3n donde el paciente aprende a utilizar correctamente las ayudas visuales pre-seleccionadas y a sacar el m\u00e1ximo provecho de las mismas.<\/p>\r\n<div class=\"uk-grid \">\r\n<div class=\"uk-width-3-10\" style=\"background-image: url('https:\/\/clinicaoftalmologicarubi.com\/wp-content\/uploads\/27770_act-1400x1224.jpg'); background-size: cover; height: 300px; left: 60px; position: relative;\" data-grid-prepared=\"true\">\u00a0<\/div>\r\n<div class=\"uk-width-3-10\" style=\"background-image: url('https:\/\/clinicaoftalmologicarubi.com\/wp-content\/uploads\/16246_dag_act-834x1250.jpg'); background-size: cover; height: 300px; left: 60px; position: relative;\" data-grid-prepared=\"true\">\u00a0<\/div>\r\n<div class=\"uk-width-3-10\" style=\"background-image: url('https:\/\/clinicaoftalmologicarubi.com\/wp-content\/uploads\/15651_Act-1250x1250.jpg'); background-size: cover; height: 300px; left: 60px; position: relative;\" data-grid-prepared=\"true\">\u00a0<\/div>\r\n<div class=\"uk-width-3-10\" style=\"background-image: url('https:\/\/clinicaoftalmologicarubi.com\/wp-content\/uploads\/15113_ans3-1400x934.jpg'); background-size: cover; height: 300px; left: 60px; position: relative;\" data-grid-prepared=\"true\">\u00a0<\/div>\r\n<div class=\"uk-width-3-10\" style=\"background-image: url('https:\/\/clinicaoftalmologicarubi.com\/wp-content\/uploads\/15113_act02-1400x1050.jpg'); background-size: cover; height: 300px; left: 60px; position: relative;\" data-grid-prepared=\"true\">\u00a0<\/div>\r\n<div class=\"uk-width-3-10\" style=\"background-image: url('https:\/\/clinicaoftalmologicarubi.com\/wp-content\/uploads\/1566_ans10-1400x1149.jpg'); background-size: cover; height: 300px; left: 60px; position: relative;\" data-grid-prepared=\"true\">\u00a0<\/div>\r\n<\/div>\r\n<\/div>","protected":false},"excerpt":{"rendered":"<p>\u00bfQu\u00e9 es la Baja Visi\u00f3n? Causas de la Baja Visi\u00f3n Sintomas de la Baja Visi\u00f3n Ayudas Visuales \u00bfQu\u00e9 es la Baja Visi\u00f3n? La Baja Visi\u00f3n es una p\u00e9rdida de visi\u00f3n que dificulta la realizaci\u00f3n de las tareas diarias de una persona tales como, la lectura, la escritura, ver la televisi\u00f3n, reconocer las caras de las [&hellip;]<\/p>\n","protected":false},"author":1,"featured_media":0,"parent":0,"menu_order":0,"comment_status":"closed","ping_status":"closed","template":"","meta":{"footnotes":""},"class_list":["post-428","page","type-page","status-publish","hentry"],"yoast_head":"<!-- This site is optimized with the Yoast SEO plugin v27.4 - https:\/\/yoast.com\/product\/yoast-seo-wordpress\/ -->\n<title>Tratamiento para Baja Visi\u00f3n en Rub\u00ed | Soluciones Visuales<\/title>\n<meta name=\"description\" content=\"Adaptaci\u00f3n de ayudas visuales para mejorar la calidad de vida en casos de baja visi\u00f3n por degeneraci\u00f3n macular, glaucoma, retinopat\u00eda diab\u00e9tica y otros.\" \/>\n<meta name=\"robots\" content=\"index, follow, max-snippet:-1, max-image-preview:large, max-video-preview:-1\" \/>\n<link rel=\"canonical\" href=\"https:\/\/clinicaoftalmologicarubi.com\/es\/baja-vision\/\" \/>\n<meta property=\"og:locale\" content=\"es_ES\" \/>\n<meta property=\"og:type\" content=\"article\" \/>\n<meta property=\"og:title\" content=\"Tratamiento para Baja Visi\u00f3n en Rub\u00ed | Soluciones Visuales\" \/>\n<meta property=\"og:description\" content=\"Adaptaci\u00f3n de ayudas visuales para mejorar la calidad de vida en casos de baja visi\u00f3n por degeneraci\u00f3n macular, glaucoma, retinopat\u00eda diab\u00e9tica y otros.\" \/>\n<meta property=\"og:url\" content=\"https:\/\/clinicaoftalmologicarubi.com\/es\/baja-vision\/\" \/>\n<meta property=\"og:site_name\" content=\"Clinica Oftalmologica Rub\u00ed\" \/>\n<meta property=\"article:publisher\" content=\"https:\/\/www.facebook.com\/CLINICAOFTALMOLOGICARUBI\/\" \/>\n<meta property=\"article:modified_time\" content=\"2025-07-14T15:04:17+00:00\" \/>\n<meta property=\"og:image\" content=\"https:\/\/clinicaoftalmologicarubi.com\/wp-content\/uploads\/baixa-visio.webp\" \/>\n\t<meta property=\"og:image:width\" content=\"350\" \/>\n\t<meta property=\"og:image:height\" content=\"491\" \/>\n\t<meta property=\"og:image:type\" content=\"image\/webp\" \/>\n<meta name=\"twitter:card\" content=\"summary_large_image\" \/>\n<meta name=\"twitter:site\" content=\"@OftalmologoRubi\" \/>\n<meta name=\"twitter:label1\" content=\"Tiempo de lectura\" \/>\n\t<meta name=\"twitter:data1\" content=\"3 minutos\" \/>\n<script type=\"application\/ld+json\" class=\"yoast-schema-graph\">{\"@context\":\"https:\\\/\\\/schema.org\",\"@graph\":[{\"@type\":\"WebPage\",\"@id\":\"https:\\\/\\\/clinicaoftalmologicarubi.com\\\/es\\\/baja-vision\\\/\",\"url\":\"https:\\\/\\\/clinicaoftalmologicarubi.com\\\/es\\\/baja-vision\\\/\",\"name\":\"Tratamiento para Baja Visi\u00f3n en Rub\u00ed | Soluciones Visuales\",\"isPartOf\":{\"@id\":\"https:\\\/\\\/clinicaoftalmologicarubi.com\\\/#website\"},\"primaryImageOfPage\":{\"@id\":\"https:\\\/\\\/clinicaoftalmologicarubi.com\\\/es\\\/baja-vision\\\/#primaryimage\"},\"image\":{\"@id\":\"https:\\\/\\\/clinicaoftalmologicarubi.com\\\/es\\\/baja-vision\\\/#primaryimage\"},\"thumbnailUrl\":\"https:\\\/\\\/clinicaoftalmologicarubi.com\\\/wp-content\\\/uploads\\\/baixa-visio.webp\",\"datePublished\":\"2016-05-12T15:35:11+00:00\",\"dateModified\":\"2025-07-14T15:04:17+00:00\",\"description\":\"Adaptaci\u00f3n de ayudas visuales para mejorar la calidad de vida en casos de baja visi\u00f3n por degeneraci\u00f3n macular, glaucoma, retinopat\u00eda diab\u00e9tica y otros.\",\"breadcrumb\":{\"@id\":\"https:\\\/\\\/clinicaoftalmologicarubi.com\\\/es\\\/baja-vision\\\/#breadcrumb\"},\"inLanguage\":\"es\",\"potentialAction\":[{\"@type\":\"ReadAction\",\"target\":[\"https:\\\/\\\/clinicaoftalmologicarubi.com\\\/es\\\/baja-vision\\\/\"]}]},{\"@type\":\"ImageObject\",\"inLanguage\":\"es\",\"@id\":\"https:\\\/\\\/clinicaoftalmologicarubi.com\\\/es\\\/baja-vision\\\/#primaryimage\",\"url\":\"https:\\\/\\\/clinicaoftalmologicarubi.com\\\/wp-content\\\/uploads\\\/baixa-visio.webp\",\"contentUrl\":\"https:\\\/\\\/clinicaoftalmologicarubi.com\\\/wp-content\\\/uploads\\\/baixa-visio.webp\"},{\"@type\":\"BreadcrumbList\",\"@id\":\"https:\\\/\\\/clinicaoftalmologicarubi.com\\\/es\\\/baja-vision\\\/#breadcrumb\",\"itemListElement\":[{\"@type\":\"ListItem\",\"position\":1,\"name\":\"Portada\",\"item\":\"https:\\\/\\\/clinicaoftalmologicarubi.com\\\/\"},{\"@type\":\"ListItem\",\"position\":2,\"name\":\"Baja Visi\u00f3n\"}]},{\"@type\":\"WebSite\",\"@id\":\"https:\\\/\\\/clinicaoftalmologicarubi.com\\\/#website\",\"url\":\"https:\\\/\\\/clinicaoftalmologicarubi.com\\\/\",\"name\":\"Clinica Oftalmologica Rub\u00ed\",\"description\":\"Cirugia Oftalmologica\",\"publisher\":{\"@id\":\"https:\\\/\\\/clinicaoftalmologicarubi.com\\\/#organization\"},\"potentialAction\":[{\"@type\":\"SearchAction\",\"target\":{\"@type\":\"EntryPoint\",\"urlTemplate\":\"https:\\\/\\\/clinicaoftalmologicarubi.com\\\/?s={search_term_string}\"},\"query-input\":{\"@type\":\"PropertyValueSpecification\",\"valueRequired\":true,\"valueName\":\"search_term_string\"}}],\"inLanguage\":\"es\"},{\"@type\":\"Organization\",\"@id\":\"https:\\\/\\\/clinicaoftalmologicarubi.com\\\/#organization\",\"name\":\"Clinica oftalmologica Rubi\",\"url\":\"https:\\\/\\\/clinicaoftalmologicarubi.com\\\/\",\"logo\":{\"@type\":\"ImageObject\",\"inLanguage\":\"es\",\"@id\":\"https:\\\/\\\/clinicaoftalmologicarubi.com\\\/#\\\/schema\\\/logo\\\/image\\\/\",\"url\":\"https:\\\/\\\/clinicaoftalmologicarubi.com\\\/wp-content\\\/uploads\\\/clinica.oftalmologica.rubi_.logo_.png\",\"contentUrl\":\"https:\\\/\\\/clinicaoftalmologicarubi.com\\\/wp-content\\\/uploads\\\/clinica.oftalmologica.rubi_.logo_.png\",\"width\":1332,\"height\":373,\"caption\":\"Clinica oftalmologica Rubi\"},\"image\":{\"@id\":\"https:\\\/\\\/clinicaoftalmologicarubi.com\\\/#\\\/schema\\\/logo\\\/image\\\/\"},\"sameAs\":[\"https:\\\/\\\/www.facebook.com\\\/CLINICAOFTALMOLOGICARUBI\\\/\",\"https:\\\/\\\/x.com\\\/OftalmologoRubi\"]}]}<\/script>\n<!-- \/ Yoast SEO plugin. -->","yoast_head_json":{"title":"Tratamiento para Baja Visi\u00f3n en Rub\u00ed | Soluciones Visuales","description":"Adaptaci\u00f3n de ayudas visuales para mejorar la calidad de vida en casos de baja visi\u00f3n por degeneraci\u00f3n macular, glaucoma, retinopat\u00eda diab\u00e9tica y otros.","robots":{"index":"index","follow":"follow","max-snippet":"max-snippet:-1","max-image-preview":"max-image-preview:large","max-video-preview":"max-video-preview:-1"},"canonical":"https:\/\/clinicaoftalmologicarubi.com\/es\/baja-vision\/","og_locale":"es_ES","og_type":"article","og_title":"Tratamiento para Baja Visi\u00f3n en Rub\u00ed | Soluciones Visuales","og_description":"Adaptaci\u00f3n de ayudas visuales para mejorar la calidad de vida en casos de baja visi\u00f3n por degeneraci\u00f3n macular, glaucoma, retinopat\u00eda diab\u00e9tica y otros.","og_url":"https:\/\/clinicaoftalmologicarubi.com\/es\/baja-vision\/","og_site_name":"Clinica Oftalmologica Rub\u00ed","article_publisher":"https:\/\/www.facebook.com\/CLINICAOFTALMOLOGICARUBI\/","article_modified_time":"2025-07-14T15:04:17+00:00","og_image":[{"width":350,"height":491,"url":"https:\/\/clinicaoftalmologicarubi.com\/wp-content\/uploads\/baixa-visio.webp","type":"image\/webp"}],"twitter_card":"summary_large_image","twitter_site":"@OftalmologoRubi","twitter_misc":{"Tiempo de lectura":"3 minutos"},"schema":{"@context":"https:\/\/schema.org","@graph":[{"@type":"WebPage","@id":"https:\/\/clinicaoftalmologicarubi.com\/es\/baja-vision\/","url":"https:\/\/clinicaoftalmologicarubi.com\/es\/baja-vision\/","name":"Tratamiento para Baja Visi\u00f3n en Rub\u00ed | Soluciones Visuales","isPartOf":{"@id":"https:\/\/clinicaoftalmologicarubi.com\/#website"},"primaryImageOfPage":{"@id":"https:\/\/clinicaoftalmologicarubi.com\/es\/baja-vision\/#primaryimage"},"image":{"@id":"https:\/\/clinicaoftalmologicarubi.com\/es\/baja-vision\/#primaryimage"},"thumbnailUrl":"https:\/\/clinicaoftalmologicarubi.com\/wp-content\/uploads\/baixa-visio.webp","datePublished":"2016-05-12T15:35:11+00:00","dateModified":"2025-07-14T15:04:17+00:00","description":"Adaptaci\u00f3n de ayudas visuales para mejorar la calidad de vida en casos de baja visi\u00f3n por degeneraci\u00f3n macular, glaucoma, retinopat\u00eda diab\u00e9tica y otros.","breadcrumb":{"@id":"https:\/\/clinicaoftalmologicarubi.com\/es\/baja-vision\/#breadcrumb"},"inLanguage":"es","potentialAction":[{"@type":"ReadAction","target":["https:\/\/clinicaoftalmologicarubi.com\/es\/baja-vision\/"]}]},{"@type":"ImageObject","inLanguage":"es","@id":"https:\/\/clinicaoftalmologicarubi.com\/es\/baja-vision\/#primaryimage","url":"https:\/\/clinicaoftalmologicarubi.com\/wp-content\/uploads\/baixa-visio.webp","contentUrl":"https:\/\/clinicaoftalmologicarubi.com\/wp-content\/uploads\/baixa-visio.webp"},{"@type":"BreadcrumbList","@id":"https:\/\/clinicaoftalmologicarubi.com\/es\/baja-vision\/#breadcrumb","itemListElement":[{"@type":"ListItem","position":1,"name":"Portada","item":"https:\/\/clinicaoftalmologicarubi.com\/"},{"@type":"ListItem","position":2,"name":"Baja Visi\u00f3n"}]},{"@type":"WebSite","@id":"https:\/\/clinicaoftalmologicarubi.com\/#website","url":"https:\/\/clinicaoftalmologicarubi.com\/","name":"Clinica Oftalmologica Rub\u00ed","description":"Cirugia Oftalmologica","publisher":{"@id":"https:\/\/clinicaoftalmologicarubi.com\/#organization"},"potentialAction":[{"@type":"SearchAction","target":{"@type":"EntryPoint","urlTemplate":"https:\/\/clinicaoftalmologicarubi.com\/?s={search_term_string}"},"query-input":{"@type":"PropertyValueSpecification","valueRequired":true,"valueName":"search_term_string"}}],"inLanguage":"es"},{"@type":"Organization","@id":"https:\/\/clinicaoftalmologicarubi.com\/#organization","name":"Clinica oftalmologica Rubi","url":"https:\/\/clinicaoftalmologicarubi.com\/","logo":{"@type":"ImageObject","inLanguage":"es","@id":"https:\/\/clinicaoftalmologicarubi.com\/#\/schema\/logo\/image\/","url":"https:\/\/clinicaoftalmologicarubi.com\/wp-content\/uploads\/clinica.oftalmologica.rubi_.logo_.png","contentUrl":"https:\/\/clinicaoftalmologicarubi.com\/wp-content\/uploads\/clinica.oftalmologica.rubi_.logo_.png","width":1332,"height":373,"caption":"Clinica oftalmologica Rubi"},"image":{"@id":"https:\/\/clinicaoftalmologicarubi.com\/#\/schema\/logo\/image\/"},"sameAs":["https:\/\/www.facebook.com\/CLINICAOFTALMOLOGICARUBI\/","https:\/\/x.com\/OftalmologoRubi"]}]}},"_links":{"self":[{"href":"https:\/\/clinicaoftalmologicarubi.com\/es\/wp-json\/wp\/v2\/pages\/428","targetHints":{"allow":["GET"]}}],"collection":[{"href":"https:\/\/clinicaoftalmologicarubi.com\/es\/wp-json\/wp\/v2\/pages"}],"about":[{"href":"https:\/\/clinicaoftalmologicarubi.com\/es\/wp-json\/wp\/v2\/types\/page"}],"author":[{"embeddable":true,"href":"https:\/\/clinicaoftalmologicarubi.com\/es\/wp-json\/wp\/v2\/users\/1"}],"replies":[{"embeddable":true,"href":"https:\/\/clinicaoftalmologicarubi.com\/es\/wp-json\/wp\/v2\/comments?post=428"}],"version-history":[{"count":12,"href":"https:\/\/clinicaoftalmologicarubi.com\/es\/wp-json\/wp\/v2\/pages\/428\/revisions"}],"predecessor-version":[{"id":2733,"href":"https:\/\/clinicaoftalmologicarubi.com\/es\/wp-json\/wp\/v2\/pages\/428\/revisions\/2733"}],"wp:attachment":[{"href":"https:\/\/clinicaoftalmologicarubi.com\/es\/wp-json\/wp\/v2\/media?parent=428"}],"curies":[{"name":"wp","href":"https:\/\/api.w.org\/{rel}","templated":true}]}}