{"id":44,"date":"2011-05-02T11:49:24","date_gmt":"2011-05-02T11:49:24","guid":{"rendered":"http:\/\/localhost\/warp7_uniq_demo_wp\/"},"modified":"2025-04-29T10:32:24","modified_gmt":"2025-04-29T10:32:24","slug":"inicio","status":"publish","type":"page","link":"https:\/\/clinicaoftalmologicarubi.com\/es\/inicio\/","title":{"rendered":"Inicio"},"content":{"rendered":"","protected":false},"excerpt":{"rendered":"","protected":false},"author":1,"featured_media":0,"parent":0,"menu_order":18,"comment_status":"closed","ping_status":"closed","template":"","meta":{"footnotes":""},"class_list":["post-44","page","type-page","status-publish","hentry"],"yoast_head":"<!-- This site is optimized with the Yoast SEO plugin v27.3 - https:\/\/yoast.com\/product\/yoast-seo-wordpress\/ -->\n<title>Cl\u00ednica Oftalmol\u00f3gica Rub\u00ed | Especialistas en Salud Visual<\/title>\n<meta name=\"description\" content=\"Atenci\u00f3n oftalmol\u00f3gica integral: cirug\u00eda refractiva, cataratas, retina, glaucoma, oculoplastia y contactolog\u00eda. Tecnolog\u00eda avanzada y trato personalizado.\" \/>\n<meta name=\"robots\" content=\"index, follow, max-snippet:-1, max-image-preview:large, max-video-preview:-1\" \/>\n<link rel=\"canonical\" href=\"https:\/\/clinicaoftalmologicarubi.com\/es\/inicio\/\" \/>\n<meta property=\"og:locale\" content=\"es_ES\" \/>\n<meta property=\"og:type\" content=\"article\" \/>\n<meta property=\"og:title\" content=\"Cl\u00ednica Oftalmol\u00f3gica Rub\u00ed | Especialistas en Salud Visual\" \/>\n<meta property=\"og:description\" content=\"Atenci\u00f3n oftalmol\u00f3gica integral: cirug\u00eda refractiva, cataratas, retina, glaucoma, oculoplastia y contactolog\u00eda. Tecnolog\u00eda avanzada y trato personalizado.\" \/>\n<meta property=\"og:url\" content=\"https:\/\/clinicaoftalmologicarubi.com\/es\/inicio\/\" \/>\n<meta property=\"og:site_name\" content=\"Clinica Oftalmologica Rub\u00ed\" \/>\n<meta property=\"article:publisher\" content=\"https:\/\/www.facebook.com\/CLINICAOFTALMOLOGICARUBI\/\" \/>\n<meta property=\"article:modified_time\" content=\"2025-04-29T10:32:24+00:00\" \/>\n<meta name=\"twitter:card\" content=\"summary_large_image\" \/>\n<meta name=\"twitter:site\" content=\"@OftalmologoRubi\" \/>\n<script type=\"application\/ld+json\" class=\"yoast-schema-graph\">{\"@context\":\"https:\\\/\\\/schema.org\",\"@graph\":[{\"@type\":\"WebPage\",\"@id\":\"https:\\\/\\\/clinicaoftalmologicarubi.com\\\/es\\\/inicio\\\/\",\"url\":\"https:\\\/\\\/clinicaoftalmologicarubi.com\\\/es\\\/inicio\\\/\",\"name\":\"Cl\u00ednica Oftalmol\u00f3gica Rub\u00ed | Especialistas en Salud Visual\",\"isPartOf\":{\"@id\":\"https:\\\/\\\/clinicaoftalmologicarubi.com\\\/#website\"},\"datePublished\":\"2011-05-02T11:49:24+00:00\",\"dateModified\":\"2025-04-29T10:32:24+00:00\",\"description\":\"Atenci\u00f3n oftalmol\u00f3gica integral: cirug\u00eda refractiva, cataratas, retina, glaucoma, oculoplastia y contactolog\u00eda. Tecnolog\u00eda avanzada y trato personalizado.\",\"breadcrumb\":{\"@id\":\"https:\\\/\\\/clinicaoftalmologicarubi.com\\\/es\\\/inicio\\\/#breadcrumb\"},\"inLanguage\":\"es\",\"potentialAction\":[{\"@type\":\"ReadAction\",\"target\":[\"https:\\\/\\\/clinicaoftalmologicarubi.com\\\/es\\\/inicio\\\/\"]}]},{\"@type\":\"BreadcrumbList\",\"@id\":\"https:\\\/\\\/clinicaoftalmologicarubi.com\\\/es\\\/inicio\\\/#breadcrumb\",\"itemListElement\":[{\"@type\":\"ListItem\",\"position\":1,\"name\":\"Portada\",\"item\":\"https:\\\/\\\/clinicaoftalmologicarubi.com\\\/\"},{\"@type\":\"ListItem\",\"position\":2,\"name\":\"Inicio\"}]},{\"@type\":\"WebSite\",\"@id\":\"https:\\\/\\\/clinicaoftalmologicarubi.com\\\/#website\",\"url\":\"https:\\\/\\\/clinicaoftalmologicarubi.com\\\/\",\"name\":\"Clinica Oftalmologica Rub\u00ed\",\"description\":\"Cirugia Oftalmologica\",\"publisher\":{\"@id\":\"https:\\\/\\\/clinicaoftalmologicarubi.com\\\/#organization\"},\"potentialAction\":[{\"@type\":\"SearchAction\",\"target\":{\"@type\":\"EntryPoint\",\"urlTemplate\":\"https:\\\/\\\/clinicaoftalmologicarubi.com\\\/?s={search_term_string}\"},\"query-input\":{\"@type\":\"PropertyValueSpecification\",\"valueRequired\":true,\"valueName\":\"search_term_string\"}}],\"inLanguage\":\"es\"},{\"@type\":\"Organization\",\"@id\":\"https:\\\/\\\/clinicaoftalmologicarubi.com\\\/#organization\",\"name\":\"Clinica oftalmologica Rubi\",\"url\":\"https:\\\/\\\/clinicaoftalmologicarubi.com\\\/\",\"logo\":{\"@type\":\"ImageObject\",\"inLanguage\":\"es\",\"@id\":\"https:\\\/\\\/clinicaoftalmologicarubi.com\\\/#\\\/schema\\\/logo\\\/image\\\/\",\"url\":\"https:\\\/\\\/clinicaoftalmologicarubi.com\\\/wp-content\\\/uploads\\\/clinica.oftalmologica.rubi_.logo_.png\",\"contentUrl\":\"https:\\\/\\\/clinicaoftalmologicarubi.com\\\/wp-content\\\/uploads\\\/clinica.oftalmologica.rubi_.logo_.png\",\"width\":1332,\"height\":373,\"caption\":\"Clinica oftalmologica Rubi\"},\"image\":{\"@id\":\"https:\\\/\\\/clinicaoftalmologicarubi.com\\\/#\\\/schema\\\/logo\\\/image\\\/\"},\"sameAs\":[\"https:\\\/\\\/www.facebook.com\\\/CLINICAOFTALMOLOGICARUBI\\\/\",\"https:\\\/\\\/x.com\\\/OftalmologoRubi\"]}]}<\/script>\n<!-- \/ Yoast SEO plugin. -->","yoast_head_json":{"title":"Cl\u00ednica Oftalmol\u00f3gica Rub\u00ed | Especialistas en Salud Visual","description":"Atenci\u00f3n oftalmol\u00f3gica integral: cirug\u00eda refractiva, cataratas, retina, glaucoma, oculoplastia y contactolog\u00eda. Tecnolog\u00eda avanzada y trato personalizado.","robots":{"index":"index","follow":"follow","max-snippet":"max-snippet:-1","max-image-preview":"max-image-preview:large","max-video-preview":"max-video-preview:-1"},"canonical":"https:\/\/clinicaoftalmologicarubi.com\/es\/inicio\/","og_locale":"es_ES","og_type":"article","og_title":"Cl\u00ednica Oftalmol\u00f3gica Rub\u00ed | Especialistas en Salud Visual","og_description":"Atenci\u00f3n oftalmol\u00f3gica integral: cirug\u00eda refractiva, cataratas, retina, glaucoma, oculoplastia y contactolog\u00eda. Tecnolog\u00eda avanzada y trato personalizado.","og_url":"https:\/\/clinicaoftalmologicarubi.com\/es\/inicio\/","og_site_name":"Clinica Oftalmologica Rub\u00ed","article_publisher":"https:\/\/www.facebook.com\/CLINICAOFTALMOLOGICARUBI\/","article_modified_time":"2025-04-29T10:32:24+00:00","twitter_card":"summary_large_image","twitter_site":"@OftalmologoRubi","schema":{"@context":"https:\/\/schema.org","@graph":[{"@type":"WebPage","@id":"https:\/\/clinicaoftalmologicarubi.com\/es\/inicio\/","url":"https:\/\/clinicaoftalmologicarubi.com\/es\/inicio\/","name":"Cl\u00ednica Oftalmol\u00f3gica Rub\u00ed | Especialistas en Salud Visual","isPartOf":{"@id":"https:\/\/clinicaoftalmologicarubi.com\/#website"},"datePublished":"2011-05-02T11:49:24+00:00","dateModified":"2025-04-29T10:32:24+00:00","description":"Atenci\u00f3n oftalmol\u00f3gica integral: cirug\u00eda refractiva, cataratas, retina, glaucoma, oculoplastia y contactolog\u00eda. Tecnolog\u00eda avanzada y trato personalizado.","breadcrumb":{"@id":"https:\/\/clinicaoftalmologicarubi.com\/es\/inicio\/#breadcrumb"},"inLanguage":"es","potentialAction":[{"@type":"ReadAction","target":["https:\/\/clinicaoftalmologicarubi.com\/es\/inicio\/"]}]},{"@type":"BreadcrumbList","@id":"https:\/\/clinicaoftalmologicarubi.com\/es\/inicio\/#breadcrumb","itemListElement":[{"@type":"ListItem","position":1,"name":"Portada","item":"https:\/\/clinicaoftalmologicarubi.com\/"},{"@type":"ListItem","position":2,"name":"Inicio"}]},{"@type":"WebSite","@id":"https:\/\/clinicaoftalmologicarubi.com\/#website","url":"https:\/\/clinicaoftalmologicarubi.com\/","name":"Clinica Oftalmologica Rub\u00ed","description":"Cirugia Oftalmologica","publisher":{"@id":"https:\/\/clinicaoftalmologicarubi.com\/#organization"},"potentialAction":[{"@type":"SearchAction","target":{"@type":"EntryPoint","urlTemplate":"https:\/\/clinicaoftalmologicarubi.com\/?s={search_term_string}"},"query-input":{"@type":"PropertyValueSpecification","valueRequired":true,"valueName":"search_term_string"}}],"inLanguage":"es"},{"@type":"Organization","@id":"https:\/\/clinicaoftalmologicarubi.com\/#organization","name":"Clinica oftalmologica Rubi","url":"https:\/\/clinicaoftalmologicarubi.com\/","logo":{"@type":"ImageObject","inLanguage":"es","@id":"https:\/\/clinicaoftalmologicarubi.com\/#\/schema\/logo\/image\/","url":"https:\/\/clinicaoftalmologicarubi.com\/wp-content\/uploads\/clinica.oftalmologica.rubi_.logo_.png","contentUrl":"https:\/\/clinicaoftalmologicarubi.com\/wp-content\/uploads\/clinica.oftalmologica.rubi_.logo_.png","width":1332,"height":373,"caption":"Clinica oftalmologica Rubi"},"image":{"@id":"https:\/\/clinicaoftalmologicarubi.com\/#\/schema\/logo\/image\/"},"sameAs":["https:\/\/www.facebook.com\/CLINICAOFTALMOLOGICARUBI\/","https:\/\/x.com\/OftalmologoRubi"]}]}},"_links":{"self":[{"href":"https:\/\/clinicaoftalmologicarubi.com\/es\/wp-json\/wp\/v2\/pages\/44","targetHints":{"allow":["GET"]}}],"collection":[{"href":"https:\/\/clinicaoftalmologicarubi.com\/es\/wp-json\/wp\/v2\/pages"}],"about":[{"href":"https:\/\/clinicaoftalmologicarubi.com\/es\/wp-json\/wp\/v2\/types\/page"}],"author":[{"embeddable":true,"href":"https:\/\/clinicaoftalmologicarubi.com\/es\/wp-json\/wp\/v2\/users\/1"}],"replies":[{"embeddable":true,"href":"https:\/\/clinicaoftalmologicarubi.com\/es\/wp-json\/wp\/v2\/comments?post=44"}],"version-history":[{"count":7,"href":"https:\/\/clinicaoftalmologicarubi.com\/es\/wp-json\/wp\/v2\/pages\/44\/revisions"}],"predecessor-version":[{"id":888,"href":"https:\/\/clinicaoftalmologicarubi.com\/es\/wp-json\/wp\/v2\/pages\/44\/revisions\/888"}],"wp:attachment":[{"href":"https:\/\/clinicaoftalmologicarubi.com\/es\/wp-json\/wp\/v2\/media?parent=44"}],"curies":[{"name":"wp","href":"https:\/\/api.w.org\/{rel}","templated":true}]}}