{"id":47,"date":"2015-11-09T10:51:03","date_gmt":"2015-11-09T10:51:03","guid":{"rendered":"http:\/\/localhost\/warp7_uniq_demo_wp\/?page_id=47"},"modified":"2025-04-29T09:15:20","modified_gmt":"2025-04-29T09:15:20","slug":"contacto","status":"publish","type":"page","link":"https:\/\/clinicaoftalmologicarubi.com\/es\/contacto\/","title":{"rendered":"D\u00f3nde estamos"},"content":{"rendered":"<div class=\"uk-grid\">\r\n<div class=\"uk-width-1-4\" style=\"text-align: center;\"><img decoding=\"async\" style=\"width: 65%;\" src=\"https:\/\/clinicaoftalmologicarubi.com\/wp-content\/uploads\/EDIFICI-4-1-973x1250.jpg\" alt=\"EDIFICI-4\" \/><\/div>\r\n<div class=\"uk-width-1-4\">\r\n<div>\r\n<h2 style=\"font-weight: bold;\">Rub\u00ed<\/h2>\r\n<p>C\/ Miguel de Cervantes 134, 2\u00aa planta<br \/>\r\n93 699 58 66<br \/>\r\n<a href=\"mailto:clinica@corocular.com\">clinica@corocular.com<\/a><br \/>\r\n<i class=\"uk-icon-subway\"><\/i> FFCC: S1, S55<br \/>\r\n<i class=\"uk-icon-bus\"><\/i> Bus: 2, 5<br \/>\r\n<a href=\"https:\/\/www.google.com\/maps\/place\/CLINICA+OFTALMOLOGICA+RUBI+A+RUBI\/@41.487138,2.0343485,17z\/data=!3m1!4b1!4m5!3m4!1s0x12a491720d5d4205:0xdafae8e671d69d5!8m2!3d41.487138!4d2.0365372?hl=es\" target=\"_blank\" rel=\"noopener noreferrer\">Ver en Google Maps<\/a><\/p>\r\n<\/div>\r\n<\/div>\r\n<div class=\"uk-width-1-4\" style=\"text-align: center;\"><br \/>\r\n<img decoding=\"async\" style=\"border-radius: 50%; width: 75%;\" src=\"https:\/\/clinicaoftalmologicarubi.com\/wp-content\/uploads\/clinica_oftalmologica_barcelona2.png\" alt=\"clinica_barcelona\" \/><\/div>\r\n<div class=\"uk-width-1-4\">\r\n<div>\r\n<h2 style=\"font-weight: bold;\">Barcelona<\/h2>\r\n<p>C\/ Muntaner 472, 1\u00ba 1\u00aa<br \/>\r\n93 201 56 60<br \/>\r\n<a href=\"mailto:clinica@corocular.com\">clinica@corocular.com<\/a><br \/>\r\n<i class=\"uk-icon-subway\"><\/i> FFCC: Muntaner (S1, S2, S5, S55, L6), P\u00e0dua (L7)<br \/>\r\n<i class=\"uk-icon-bus\"><\/i> Bus: N8, V13, H6<br \/>\r\n<a href=\"https:\/\/www.google.com\/maps\/place\/Carrer+de+Muntaner,+472,+08006+Barcelona,+Espa%C3%B1a\/@41.4024394,2.136427,17z\/data=!3m1!4b1!4m5!3m4!1s0x12a4980cc3d1da73:0xd772db53ab153012!8m2!3d41.4024394!4d2.1386157?hl=es\" target=\"_blank\" rel=\"noopener noreferrer\">Ver en Google Maps<\/a><\/p>\r\n<\/div>\r\n<\/div>\r\n<\/div>\r\n<div class=\"uk-grid\">\r\n<div class=\"uk-width-1-2 uk-container-center\">\r\n<h2>Contacta con la cl\u00ednica<\/h2>\r\n<div class=\"uk-form\">\n<div class=\"wpcf7 no-js\" id=\"wpcf7-f305-o1\" lang=\"es-ES\" dir=\"ltr\" data-wpcf7-id=\"305\">\n<div class=\"screen-reader-response\"><p role=\"status\" aria-live=\"polite\" aria-atomic=\"true\"><\/p> <ul><\/ul><\/div>\n<form action=\"\/es\/wp-json\/wp\/v2\/pages\/47#wpcf7-f305-o1\" method=\"post\" class=\"wpcf7-form init\" aria-label=\"Formulario de contacto\" novalidate=\"novalidate\" data-status=\"init\">\n<fieldset class=\"hidden-fields-container\"><input type=\"hidden\" name=\"_wpcf7\" value=\"305\" \/><input type=\"hidden\" name=\"_wpcf7_version\" value=\"6.1.5\" \/><input type=\"hidden\" name=\"_wpcf7_locale\" value=\"es_ES\" \/><input type=\"hidden\" name=\"_wpcf7_unit_tag\" value=\"wpcf7-f305-o1\" \/><input type=\"hidden\" name=\"_wpcf7_container_post\" value=\"0\" \/><input type=\"hidden\" name=\"_wpcf7_posted_data_hash\" value=\"\" \/><input type=\"hidden\" name=\"_wpcf7_recaptcha_response\" value=\"\" \/>\n<\/fieldset>\n<div style=\"width:100%;\">\n\t<p><span class=\"wpcf7-form-control-wrap\" data-name=\"your-name\"><input size=\"40\" maxlength=\"400\" class=\"wpcf7-form-control wpcf7-text wpcf7-validates-as-required uk-width-1-1\" aria-required=\"true\" aria-invalid=\"false\" placeholder=\"Nombre\" value=\"\" type=\"text\" name=\"your-name\" \/><\/span>\n\t<\/p>\n\t<p><span class=\"wpcf7-form-control-wrap\" data-name=\"tel-909\"><input size=\"40\" maxlength=\"400\" class=\"wpcf7-form-control wpcf7-tel wpcf7-text wpcf7-validates-as-tel uk-width-1-1\" aria-invalid=\"false\" placeholder=\"Tel\u00e9fono\" value=\"\" type=\"tel\" name=\"tel-909\" \/><\/span>\n\t<\/p>\n\t<p><span class=\"wpcf7-form-control-wrap\" data-name=\"your-email\"><input size=\"40\" maxlength=\"400\" class=\"wpcf7-form-control wpcf7-email wpcf7-validates-as-required wpcf7-text wpcf7-validates-as-email uk-width-1-1\" aria-required=\"true\" aria-invalid=\"false\" placeholder=\"Correo electr\u00f3nico\" value=\"\" type=\"email\" name=\"your-email\" \/><\/span>\n\t<\/p>\n\t<p>Mensaje:<br \/>\n<span class=\"wpcf7-form-control-wrap\" data-name=\"your-message\"><textarea cols=\"40\" rows=\"10\" maxlength=\"2000\" class=\"wpcf7-form-control wpcf7-textarea uk-width-1-1\" aria-invalid=\"false\" placeholder=\"Escribe aqui\" name=\"your-message\"><\/textarea><\/span>\n\t<\/p>\n\t<p><input class=\"wpcf7-form-control wpcf7-submit has-spinner uk-button uk-button-large uk-button-primary\" type=\"submit\" value=\"Enviar Mensaje\" \/>\n\t<\/p>\n<\/div><div class=\"wpcf7-response-output\" aria-hidden=\"true\"><\/div>\n<\/form>\n<\/div>\n<\/div>\r\n<\/div>\r\n<\/div>\r\n<p>&nbsp;<\/p>\r\n<div class=\"uk-grid\">\r\n<div class=\"uk-width-1-1\">\n<script type=\"widgetkit\/map\" data-id=\"wk-map69e05963841c4\" data-class=\" uk-img-preserve\" data-style=\"width:auto;height:400px;\">\n    {\"width\":\"auto\",\"height\":400,\"maptypeid\":\"roadmap\",\"maptypecontrol\":false,\"mapctrl\":true,\"zoom\":\"10\",\"marker\":2,\"marker_icon\":\"\",\"markercluster\":false,\"popup_max_width\":300,\"zoomwheel\":false,\"draggable\":true,\"directions\":false,\"disabledefaultui\":false,\"styler_invert_lightness\":false,\"styler_hue\":\"\",\"styler_saturation\":0,\"styler_lightness\":0,\"styler_gamma\":0,\"media\":true,\"image_width\":\"auto\",\"image_height\":\"auto\",\"media_align\":\"top\",\"media_width\":\"1-2\",\"media_breakpoint\":\"medium\",\"media_border\":\"none\",\"media_overlay\":\"icon\",\"overlay_animation\":\"fade\",\"media_animation\":\"scale\",\"title\":true,\"content\":true,\"social_buttons\":true,\"title_size\":\"h3\",\"text_align\":\"left\",\"link\":true,\"link_style\":\"button\",\"link_text\":\"Read more\",\"link_target\":false,\"class\":\"\",\"markers\":[{\"lat\":41.4871223,\"lng\":2.036733,\"icon\":\"\",\"title\":\"Rubi\",\"content\":\"\\n<div class=\\\"uk-text-left\\\">\\n\\n    \\n    \\n        <h3 class=\\\"uk-h3 uk-margin-top-remove\\\">Rubi<\\\/h3>\\n    \\n    \\n        <div class=\\\"uk-margin\\\"><div class=\\\"uk-panel\\\">\\n       <p>c\\\/ Cervantes 134, Rub\\u00ed<br>\\n       Cl\\u00ednica Rubi: 936 995 866<br>\\n       <a mailto=\\\"info@clinicaoftalmologicarubi.com\\\">info@clinicaoftalmologicarubi.com<\\\/a><br>\\n       <a href=\\\"https:\\\/\\\/www.google.com\\\/maps\\\/place\\\/CLINICA+OFTALMOLOGICA+RUBI+A+RUBI\\\/@41.487138,2.0343485,17z\\\/data=!3m1!4b1!4m5!3m4!1s0x12a491720d5d4205:0xdafae8e671d69d5!8m2!3d41.487138!4d2.0365372?hl=es\\\">Ver en Google Maps<\\\/a>\\n   <\\\/div><\\\/div>\\n    \\n    \\n    \\n    \\n<\\\/div>\"},{\"lat\":41.4024394,\"lng\":2.1386156999999,\"icon\":\"\",\"title\":\"Barcelona\",\"content\":\"\\n<div class=\\\"uk-text-left\\\">\\n\\n    \\n    \\n        <h3 class=\\\"uk-h3 uk-margin-top-remove\\\">Barcelona<\\\/h3>\\n    \\n    \\n        <div class=\\\"uk-margin\\\"><div class=\\\"uk-panel\\\">\\n       <p>c\\\/ Muntaner 472, Barcelona<br>\\n \\n       Cl\\u00ednica Barcelona: 932 015 660<br>\\n       <a mailto=\\\"info@clinicaoftalmologicarubi.com\\\">info@clinicaoftalmologicarubi.com<\\\/a><br>\\n       <a href=\\\"https:\\\/\\\/www.google.com\\\/maps\\\/place\\\/Carrer+de+Muntaner,+472,+08006+Barcelona,+Espa%C3%B1a\\\/@41.4024394,2.136427,17z\\\/data=!3m1!4b1!4m5!3m4!1s0x12a4980cc3d1da73:0xd772db53ab153012!8m2!3d41.4024394!4d2.1386157?hl=es\\\">Ver en Google Maps<\\\/a>\\n   <\\\/div><\\\/div>\\n    \\n    \\n    \\n    \\n<\\\/div>\"}],\"directionsText\":\"Get Directions\"}<\/script>\n<\/div>\r\n<\/div>","protected":false},"excerpt":{"rendered":"<p>Rub\u00ed C\/ Miguel de Cervantes 134, 2\u00aa planta 93 699 58 66 clinica@corocular.com FFCC: S1, S55 Bus: 2, 5 Ver en Google Maps Barcelona C\/ Muntaner 472, 1\u00ba 1\u00aa 93 201 56 60 clinica@corocular.com FFCC: Muntaner (S1, S2, S5, S55, L6), P\u00e0dua (L7) Bus: N8, V13, H6 Ver en Google Maps Contacta con la cl\u00ednica [&hellip;]<\/p>\n","protected":false},"author":1,"featured_media":0,"parent":0,"menu_order":1,"comment_status":"closed","ping_status":"closed","template":"","meta":{"footnotes":""},"class_list":["post-47","page","type-page","status-publish","hentry"],"yoast_head":"<!-- This site is optimized with the Yoast SEO plugin v27.4 - https:\/\/yoast.com\/product\/yoast-seo-wordpress\/ -->\n<title>Contacta con Cl\u00ednica Oftalmol\u00f3gica Rub\u00ed | Citas y Localizaci\u00f3n<\/title>\n<meta name=\"description\" content=\"Solicita tu cita o contacta con nuestros centros en Rub\u00ed y Barcelona. Atenci\u00f3n personalizada, especialistas en salud ocular y f\u00e1cil acceso en transporte p\u00fablico.\" \/>\n<meta name=\"robots\" content=\"index, follow, max-snippet:-1, max-image-preview:large, max-video-preview:-1\" \/>\n<link rel=\"canonical\" href=\"https:\/\/clinicaoftalmologicarubi.com\/es\/contacto\/\" \/>\n<meta property=\"og:locale\" content=\"es_ES\" \/>\n<meta property=\"og:type\" content=\"article\" \/>\n<meta property=\"og:title\" content=\"Contacta con Cl\u00ednica Oftalmol\u00f3gica Rub\u00ed | Citas y Localizaci\u00f3n\" \/>\n<meta property=\"og:description\" content=\"Solicita tu cita o contacta con nuestros centros en Rub\u00ed y Barcelona. Atenci\u00f3n personalizada, especialistas en salud ocular y f\u00e1cil acceso en transporte p\u00fablico.\" \/>\n<meta property=\"og:url\" content=\"https:\/\/clinicaoftalmologicarubi.com\/es\/contacto\/\" \/>\n<meta property=\"og:site_name\" content=\"Clinica Oftalmologica Rub\u00ed\" \/>\n<meta property=\"article:publisher\" content=\"https:\/\/www.facebook.com\/CLINICAOFTALMOLOGICARUBI\/\" \/>\n<meta property=\"article:modified_time\" content=\"2025-04-29T09:15:20+00:00\" \/>\n<meta property=\"og:image\" content=\"https:\/\/clinicaoftalmologicarubi.com\/wp-content\/uploads\/EDIFICI-4-1-973x1250.jpg\" \/>\n<meta name=\"twitter:card\" content=\"summary_large_image\" \/>\n<meta name=\"twitter:site\" content=\"@OftalmologoRubi\" \/>\n<meta name=\"twitter:label1\" content=\"Tiempo de lectura\" \/>\n\t<meta name=\"twitter:data1\" content=\"1 minuto\" \/>\n<script type=\"application\/ld+json\" class=\"yoast-schema-graph\">{\"@context\":\"https:\\\/\\\/schema.org\",\"@graph\":[{\"@type\":\"WebPage\",\"@id\":\"https:\\\/\\\/clinicaoftalmologicarubi.com\\\/es\\\/contacto\\\/\",\"url\":\"https:\\\/\\\/clinicaoftalmologicarubi.com\\\/es\\\/contacto\\\/\",\"name\":\"Contacta con Cl\u00ednica Oftalmol\u00f3gica Rub\u00ed | Citas y Localizaci\u00f3n\",\"isPartOf\":{\"@id\":\"https:\\\/\\\/clinicaoftalmologicarubi.com\\\/#website\"},\"primaryImageOfPage\":{\"@id\":\"https:\\\/\\\/clinicaoftalmologicarubi.com\\\/es\\\/contacto\\\/#primaryimage\"},\"image\":{\"@id\":\"https:\\\/\\\/clinicaoftalmologicarubi.com\\\/es\\\/contacto\\\/#primaryimage\"},\"thumbnailUrl\":\"https:\\\/\\\/clinicaoftalmologicarubi.com\\\/wp-content\\\/uploads\\\/EDIFICI-4-1-973x1250.jpg\",\"datePublished\":\"2015-11-09T10:51:03+00:00\",\"dateModified\":\"2025-04-29T09:15:20+00:00\",\"description\":\"Solicita tu cita o contacta con nuestros centros en Rub\u00ed y Barcelona. Atenci\u00f3n personalizada, especialistas en salud ocular y f\u00e1cil acceso en transporte p\u00fablico.\",\"breadcrumb\":{\"@id\":\"https:\\\/\\\/clinicaoftalmologicarubi.com\\\/es\\\/contacto\\\/#breadcrumb\"},\"inLanguage\":\"es\",\"potentialAction\":[{\"@type\":\"ReadAction\",\"target\":[\"https:\\\/\\\/clinicaoftalmologicarubi.com\\\/es\\\/contacto\\\/\"]}]},{\"@type\":\"ImageObject\",\"inLanguage\":\"es\",\"@id\":\"https:\\\/\\\/clinicaoftalmologicarubi.com\\\/es\\\/contacto\\\/#primaryimage\",\"url\":\"https:\\\/\\\/clinicaoftalmologicarubi.com\\\/wp-content\\\/uploads\\\/EDIFICI-4-1-973x1250.jpg\",\"contentUrl\":\"https:\\\/\\\/clinicaoftalmologicarubi.com\\\/wp-content\\\/uploads\\\/EDIFICI-4-1-973x1250.jpg\"},{\"@type\":\"BreadcrumbList\",\"@id\":\"https:\\\/\\\/clinicaoftalmologicarubi.com\\\/es\\\/contacto\\\/#breadcrumb\",\"itemListElement\":[{\"@type\":\"ListItem\",\"position\":1,\"name\":\"Portada\",\"item\":\"https:\\\/\\\/clinicaoftalmologicarubi.com\\\/\"},{\"@type\":\"ListItem\",\"position\":2,\"name\":\"D\u00f3nde estamos\"}]},{\"@type\":\"WebSite\",\"@id\":\"https:\\\/\\\/clinicaoftalmologicarubi.com\\\/#website\",\"url\":\"https:\\\/\\\/clinicaoftalmologicarubi.com\\\/\",\"name\":\"Clinica Oftalmologica Rub\u00ed\",\"description\":\"Cirugia Oftalmologica\",\"publisher\":{\"@id\":\"https:\\\/\\\/clinicaoftalmologicarubi.com\\\/#organization\"},\"potentialAction\":[{\"@type\":\"SearchAction\",\"target\":{\"@type\":\"EntryPoint\",\"urlTemplate\":\"https:\\\/\\\/clinicaoftalmologicarubi.com\\\/?s={search_term_string}\"},\"query-input\":{\"@type\":\"PropertyValueSpecification\",\"valueRequired\":true,\"valueName\":\"search_term_string\"}}],\"inLanguage\":\"es\"},{\"@type\":\"Organization\",\"@id\":\"https:\\\/\\\/clinicaoftalmologicarubi.com\\\/#organization\",\"name\":\"Clinica oftalmologica Rubi\",\"url\":\"https:\\\/\\\/clinicaoftalmologicarubi.com\\\/\",\"logo\":{\"@type\":\"ImageObject\",\"inLanguage\":\"es\",\"@id\":\"https:\\\/\\\/clinicaoftalmologicarubi.com\\\/#\\\/schema\\\/logo\\\/image\\\/\",\"url\":\"https:\\\/\\\/clinicaoftalmologicarubi.com\\\/wp-content\\\/uploads\\\/clinica.oftalmologica.rubi_.logo_.png\",\"contentUrl\":\"https:\\\/\\\/clinicaoftalmologicarubi.com\\\/wp-content\\\/uploads\\\/clinica.oftalmologica.rubi_.logo_.png\",\"width\":1332,\"height\":373,\"caption\":\"Clinica oftalmologica Rubi\"},\"image\":{\"@id\":\"https:\\\/\\\/clinicaoftalmologicarubi.com\\\/#\\\/schema\\\/logo\\\/image\\\/\"},\"sameAs\":[\"https:\\\/\\\/www.facebook.com\\\/CLINICAOFTALMOLOGICARUBI\\\/\",\"https:\\\/\\\/x.com\\\/OftalmologoRubi\"]}]}<\/script>\n<!-- \/ Yoast SEO plugin. -->","yoast_head_json":{"title":"Contacta con Cl\u00ednica Oftalmol\u00f3gica Rub\u00ed | Citas y Localizaci\u00f3n","description":"Solicita tu cita o contacta con nuestros centros en Rub\u00ed y Barcelona. Atenci\u00f3n personalizada, especialistas en salud ocular y f\u00e1cil acceso en transporte p\u00fablico.","robots":{"index":"index","follow":"follow","max-snippet":"max-snippet:-1","max-image-preview":"max-image-preview:large","max-video-preview":"max-video-preview:-1"},"canonical":"https:\/\/clinicaoftalmologicarubi.com\/es\/contacto\/","og_locale":"es_ES","og_type":"article","og_title":"Contacta con Cl\u00ednica Oftalmol\u00f3gica Rub\u00ed | Citas y Localizaci\u00f3n","og_description":"Solicita tu cita o contacta con nuestros centros en Rub\u00ed y Barcelona. Atenci\u00f3n personalizada, especialistas en salud ocular y f\u00e1cil acceso en transporte p\u00fablico.","og_url":"https:\/\/clinicaoftalmologicarubi.com\/es\/contacto\/","og_site_name":"Clinica Oftalmologica Rub\u00ed","article_publisher":"https:\/\/www.facebook.com\/CLINICAOFTALMOLOGICARUBI\/","article_modified_time":"2025-04-29T09:15:20+00:00","og_image":[{"url":"https:\/\/clinicaoftalmologicarubi.com\/wp-content\/uploads\/EDIFICI-4-1-973x1250.jpg","type":"","width":"","height":""}],"twitter_card":"summary_large_image","twitter_site":"@OftalmologoRubi","twitter_misc":{"Tiempo de lectura":"1 minuto"},"schema":{"@context":"https:\/\/schema.org","@graph":[{"@type":"WebPage","@id":"https:\/\/clinicaoftalmologicarubi.com\/es\/contacto\/","url":"https:\/\/clinicaoftalmologicarubi.com\/es\/contacto\/","name":"Contacta con Cl\u00ednica Oftalmol\u00f3gica Rub\u00ed | Citas y Localizaci\u00f3n","isPartOf":{"@id":"https:\/\/clinicaoftalmologicarubi.com\/#website"},"primaryImageOfPage":{"@id":"https:\/\/clinicaoftalmologicarubi.com\/es\/contacto\/#primaryimage"},"image":{"@id":"https:\/\/clinicaoftalmologicarubi.com\/es\/contacto\/#primaryimage"},"thumbnailUrl":"https:\/\/clinicaoftalmologicarubi.com\/wp-content\/uploads\/EDIFICI-4-1-973x1250.jpg","datePublished":"2015-11-09T10:51:03+00:00","dateModified":"2025-04-29T09:15:20+00:00","description":"Solicita tu cita o contacta con nuestros centros en Rub\u00ed y Barcelona. Atenci\u00f3n personalizada, especialistas en salud ocular y f\u00e1cil acceso en transporte p\u00fablico.","breadcrumb":{"@id":"https:\/\/clinicaoftalmologicarubi.com\/es\/contacto\/#breadcrumb"},"inLanguage":"es","potentialAction":[{"@type":"ReadAction","target":["https:\/\/clinicaoftalmologicarubi.com\/es\/contacto\/"]}]},{"@type":"ImageObject","inLanguage":"es","@id":"https:\/\/clinicaoftalmologicarubi.com\/es\/contacto\/#primaryimage","url":"https:\/\/clinicaoftalmologicarubi.com\/wp-content\/uploads\/EDIFICI-4-1-973x1250.jpg","contentUrl":"https:\/\/clinicaoftalmologicarubi.com\/wp-content\/uploads\/EDIFICI-4-1-973x1250.jpg"},{"@type":"BreadcrumbList","@id":"https:\/\/clinicaoftalmologicarubi.com\/es\/contacto\/#breadcrumb","itemListElement":[{"@type":"ListItem","position":1,"name":"Portada","item":"https:\/\/clinicaoftalmologicarubi.com\/"},{"@type":"ListItem","position":2,"name":"D\u00f3nde estamos"}]},{"@type":"WebSite","@id":"https:\/\/clinicaoftalmologicarubi.com\/#website","url":"https:\/\/clinicaoftalmologicarubi.com\/","name":"Clinica Oftalmologica Rub\u00ed","description":"Cirugia Oftalmologica","publisher":{"@id":"https:\/\/clinicaoftalmologicarubi.com\/#organization"},"potentialAction":[{"@type":"SearchAction","target":{"@type":"EntryPoint","urlTemplate":"https:\/\/clinicaoftalmologicarubi.com\/?s={search_term_string}"},"query-input":{"@type":"PropertyValueSpecification","valueRequired":true,"valueName":"search_term_string"}}],"inLanguage":"es"},{"@type":"Organization","@id":"https:\/\/clinicaoftalmologicarubi.com\/#organization","name":"Clinica oftalmologica Rubi","url":"https:\/\/clinicaoftalmologicarubi.com\/","logo":{"@type":"ImageObject","inLanguage":"es","@id":"https:\/\/clinicaoftalmologicarubi.com\/#\/schema\/logo\/image\/","url":"https:\/\/clinicaoftalmologicarubi.com\/wp-content\/uploads\/clinica.oftalmologica.rubi_.logo_.png","contentUrl":"https:\/\/clinicaoftalmologicarubi.com\/wp-content\/uploads\/clinica.oftalmologica.rubi_.logo_.png","width":1332,"height":373,"caption":"Clinica oftalmologica Rubi"},"image":{"@id":"https:\/\/clinicaoftalmologicarubi.com\/#\/schema\/logo\/image\/"},"sameAs":["https:\/\/www.facebook.com\/CLINICAOFTALMOLOGICARUBI\/","https:\/\/x.com\/OftalmologoRubi"]}]}},"_links":{"self":[{"href":"https:\/\/clinicaoftalmologicarubi.com\/es\/wp-json\/wp\/v2\/pages\/47","targetHints":{"allow":["GET"]}}],"collection":[{"href":"https:\/\/clinicaoftalmologicarubi.com\/es\/wp-json\/wp\/v2\/pages"}],"about":[{"href":"https:\/\/clinicaoftalmologicarubi.com\/es\/wp-json\/wp\/v2\/types\/page"}],"author":[{"embeddable":true,"href":"https:\/\/clinicaoftalmologicarubi.com\/es\/wp-json\/wp\/v2\/users\/1"}],"replies":[{"embeddable":true,"href":"https:\/\/clinicaoftalmologicarubi.com\/es\/wp-json\/wp\/v2\/comments?post=47"}],"version-history":[{"count":48,"href":"https:\/\/clinicaoftalmologicarubi.com\/es\/wp-json\/wp\/v2\/pages\/47\/revisions"}],"predecessor-version":[{"id":2369,"href":"https:\/\/clinicaoftalmologicarubi.com\/es\/wp-json\/wp\/v2\/pages\/47\/revisions\/2369"}],"wp:attachment":[{"href":"https:\/\/clinicaoftalmologicarubi.com\/es\/wp-json\/wp\/v2\/media?parent=47"}],"curies":[{"name":"wp","href":"https:\/\/api.w.org\/{rel}","templated":true}]}}