{"id":559,"date":"2016-05-27T08:00:03","date_gmt":"2016-05-27T08:00:03","guid":{"rendered":"http:\/\/clinicaoftalmologicarubi.com\/?page_id=559"},"modified":"2025-07-14T16:42:20","modified_gmt":"2025-07-14T14:42:20","slug":"estrabismo","status":"publish","type":"page","link":"https:\/\/clinicaoftalmologicarubi.com\/es\/estrabismo\/","title":{"rendered":"Estrabismo"},"content":{"rendered":"<div class=\"articuloo\">\r\n<div class=\"uk-grid \">\r\n<div class=\"listmedicos uk-width-1-1\" data-grid-prepared=\"true\">\r\n<ul>\r\n\t<li><a href=\"#quees\">\u00bfQu\u00e9 es el Estrabismo?<\/a><\/li>\r\n\t<li><a href=\"#porque\">\u00bfPor qu\u00e9 ocurre?<\/a><\/li>\r\n\t<li><a href=\"#comosecura\">\u00bfC\u00f3mo se cura?<\/a><\/li>\r\n<\/ul>\r\n<\/div>\r\n<\/div>\r\n<div id=\"quees\" class=\"lineaxl\">\r\n<h2>\u00bfQu\u00e9 es el Estrabismo?<\/h2>\r\n<\/div>\r\n<p>El estrabismo es la desviaci\u00f3n o mal alineamiento de uno o ambos ojos en alguna de las posiciones de la mirada. Esto significa que los ojos no trabajan juntos al mismo tiempo y esto conlleva a una falta de desarrollo visual que si no se trata a tiempo conduce a la <a href=\"?page_id=426\">ambliopia u ojo vago<\/a>. El estrabismo puede presentarse como una desviaci\u00f3n horitzontal (el ojo se desvia hacia dentro o hacia fuera) o como una desviaci\u00f3n vertical (el ojo se desvia hacia arriba o hacia abajo). El estrabismo puede ser permanente (los ojos desv\u00edan permanentemente) o intermitente (a veces s\u00ed a veces no).<\/p>\r\n<div class=\"image-product\" style=\"width: 50%; left: 25%; position: relative;\"><img fetchpriority=\"high\" decoding=\"async\" class=\"alignnone size-full wp-image-2705\" src=\"https:\/\/clinicaoftalmologicarubi.com\/wp-content\/uploads\/estrabismo.webp\" alt=\"Estrabismo\" width=\"660\" height=\"440\" \/><\/div>\r\n<div id=\"porque\" class=\"lineaxl\">\r\n<h2>\u00bfPor qu\u00e9 ocurre?<\/h2>\r\n<\/div>\r\n<p>Los m\u00fasculos del ojo controlan c\u00f3mo se mueven los ojos, estos env\u00edan lo que ven al cerebro y el cerebro interpreta las im\u00e1genes que le llegan de manera tridimensional o en 3-D. Por lo tanto, una buena visi\u00f3n es el resultado de un conjunto de esfuerzos de los m\u00fasculos oculares, los ojos y el cerebro.<\/p>\r\n<p>Las personas tenemos 6 m\u00fasculos en cada ojo que son los encargados de dirigir la mirada hacia donde queremos ver. <strong>Cuando los ojos no trabajan conjuntamente, el cerebro tiene un problema de interpretaci\u00f3n porque no sabe lo que tiene que mirar.<\/strong> Por eso el cerebro responde suprimiendo o ignorando la imagen del ojo desviado. Un ojo desviado ser\u00e1 un ojo que no desarrollar\u00e1 una visi\u00f3n normal y se volver\u00e1 lo que se conoce como <a href=\"?page_id=426\">ojo vago<\/a>. En nuestro pa\u00eds un 3% de los ni\u00f1os padecen estrabismo.<\/p>\r\n<div id=\"comosecura\" class=\"lineaxl\">\r\n<h2>\u00bfC\u00f3mo se cura el Estrabismo?<\/h2>\r\n<\/div>\r\n<p>El estrabismo es crucial tratarlo mientras la visi\u00f3n se est\u00e1 desarrollando (hasta los 8-10 a\u00f1os). Cuanto m\u00e1s peque\u00f1o es el ni\u00f1o al iniciar el tratamiento, mayores son las garant\u00edas de \u00e9xito. El oftalm\u00f3logo pedi\u00e1trico, mediante el uso de instrumentos especiales, estudiar\u00e1 la focalizaci\u00f3n de los objetos interpretando c\u00f3mo los ojos reaccionan al mirar un objeto, la luz o algunos dibujos. De esta forma, el m\u00e9dico podr\u00e1 hacer un buen diagn\u00f3stico y proponer el tratamiento adecuado.<\/p>\r\n<p><strong>El estrabismo puede ser corregido con gafas, cirug\u00eda o ambas cosas.<\/strong> La cirug\u00eda del estrabismo consiste en trasladar los m\u00fasculos encargados de la movilidad del ojo situ\u00e1ndolos en otro lugar para debilitar o reforzar su acci\u00f3n.<\/p>\r\n<\/div>","protected":false},"excerpt":{"rendered":"<p>\u00bfQu\u00e9 es el Estrabismo? \u00bfPor qu\u00e9 ocurre? \u00bfC\u00f3mo se cura? \u00bfQu\u00e9 es el Estrabismo? El estrabismo es la desviaci\u00f3n o mal alineamiento de uno o ambos ojos en alguna de las posiciones de la mirada. Esto significa que los ojos no trabajan juntos al mismo tiempo y esto conlleva a una falta de desarrollo visual [&hellip;]<\/p>\n","protected":false},"author":1,"featured_media":0,"parent":0,"menu_order":0,"comment_status":"closed","ping_status":"closed","template":"","meta":{"footnotes":""},"class_list":["post-559","page","type-page","status-publish","hentry"],"yoast_head":"<!-- This site is optimized with the Yoast SEO plugin v27.3 - https:\/\/yoast.com\/product\/yoast-seo-wordpress\/ -->\n<title>Tratamiento de Estrabismo en Rub\u00ed | Cl\u00ednica Oftalmol\u00f3gica<\/title>\n<meta name=\"description\" content=\"Diagn\u00f3stico y tratamiento personalizado del estrabismo para alinear la mirada y prevenir complicaciones como el ojo vago.\" \/>\n<meta name=\"robots\" content=\"index, follow, max-snippet:-1, max-image-preview:large, max-video-preview:-1\" \/>\n<link rel=\"canonical\" href=\"https:\/\/clinicaoftalmologicarubi.com\/es\/estrabismo\/\" \/>\n<meta property=\"og:locale\" content=\"es_ES\" \/>\n<meta property=\"og:type\" content=\"article\" \/>\n<meta property=\"og:title\" content=\"Tratamiento de Estrabismo en Rub\u00ed | Cl\u00ednica Oftalmol\u00f3gica\" \/>\n<meta property=\"og:description\" content=\"Diagn\u00f3stico y tratamiento personalizado del estrabismo para alinear la mirada y prevenir complicaciones como el ojo vago.\" \/>\n<meta property=\"og:url\" content=\"https:\/\/clinicaoftalmologicarubi.com\/es\/estrabismo\/\" \/>\n<meta property=\"og:site_name\" content=\"Clinica Oftalmologica Rub\u00ed\" \/>\n<meta property=\"article:publisher\" content=\"https:\/\/www.facebook.com\/CLINICAOFTALMOLOGICARUBI\/\" \/>\n<meta property=\"article:modified_time\" content=\"2025-07-14T14:42:20+00:00\" \/>\n<meta property=\"og:image\" content=\"https:\/\/clinicaoftalmologicarubi.com\/wp-content\/uploads\/estrabismo.webp\" \/>\n\t<meta property=\"og:image:width\" content=\"660\" \/>\n\t<meta property=\"og:image:height\" content=\"440\" \/>\n\t<meta property=\"og:image:type\" content=\"image\/webp\" \/>\n<meta name=\"twitter:card\" content=\"summary_large_image\" \/>\n<meta name=\"twitter:site\" content=\"@OftalmologoRubi\" \/>\n<meta name=\"twitter:label1\" content=\"Tiempo de lectura\" \/>\n\t<meta name=\"twitter:data1\" content=\"3 minutos\" \/>\n<script type=\"application\/ld+json\" class=\"yoast-schema-graph\">{\"@context\":\"https:\\\/\\\/schema.org\",\"@graph\":[{\"@type\":\"WebPage\",\"@id\":\"https:\\\/\\\/clinicaoftalmologicarubi.com\\\/es\\\/estrabismo\\\/\",\"url\":\"https:\\\/\\\/clinicaoftalmologicarubi.com\\\/es\\\/estrabismo\\\/\",\"name\":\"Tratamiento de Estrabismo en Rub\u00ed | Cl\u00ednica Oftalmol\u00f3gica\",\"isPartOf\":{\"@id\":\"https:\\\/\\\/clinicaoftalmologicarubi.com\\\/#website\"},\"primaryImageOfPage\":{\"@id\":\"https:\\\/\\\/clinicaoftalmologicarubi.com\\\/es\\\/estrabismo\\\/#primaryimage\"},\"image\":{\"@id\":\"https:\\\/\\\/clinicaoftalmologicarubi.com\\\/es\\\/estrabismo\\\/#primaryimage\"},\"thumbnailUrl\":\"https:\\\/\\\/clinicaoftalmologicarubi.com\\\/wp-content\\\/uploads\\\/estrabismo.webp\",\"datePublished\":\"2016-05-27T08:00:03+00:00\",\"dateModified\":\"2025-07-14T14:42:20+00:00\",\"description\":\"Diagn\u00f3stico y tratamiento personalizado del estrabismo para alinear la mirada y prevenir complicaciones como el ojo vago.\",\"breadcrumb\":{\"@id\":\"https:\\\/\\\/clinicaoftalmologicarubi.com\\\/es\\\/estrabismo\\\/#breadcrumb\"},\"inLanguage\":\"es\",\"potentialAction\":[{\"@type\":\"ReadAction\",\"target\":[\"https:\\\/\\\/clinicaoftalmologicarubi.com\\\/es\\\/estrabismo\\\/\"]}]},{\"@type\":\"ImageObject\",\"inLanguage\":\"es\",\"@id\":\"https:\\\/\\\/clinicaoftalmologicarubi.com\\\/es\\\/estrabismo\\\/#primaryimage\",\"url\":\"https:\\\/\\\/clinicaoftalmologicarubi.com\\\/wp-content\\\/uploads\\\/estrabismo.webp\",\"contentUrl\":\"https:\\\/\\\/clinicaoftalmologicarubi.com\\\/wp-content\\\/uploads\\\/estrabismo.webp\"},{\"@type\":\"BreadcrumbList\",\"@id\":\"https:\\\/\\\/clinicaoftalmologicarubi.com\\\/es\\\/estrabismo\\\/#breadcrumb\",\"itemListElement\":[{\"@type\":\"ListItem\",\"position\":1,\"name\":\"Portada\",\"item\":\"https:\\\/\\\/clinicaoftalmologicarubi.com\\\/\"},{\"@type\":\"ListItem\",\"position\":2,\"name\":\"Estrabismo\"}]},{\"@type\":\"WebSite\",\"@id\":\"https:\\\/\\\/clinicaoftalmologicarubi.com\\\/#website\",\"url\":\"https:\\\/\\\/clinicaoftalmologicarubi.com\\\/\",\"name\":\"Clinica Oftalmologica Rub\u00ed\",\"description\":\"Cirugia Oftalmologica\",\"publisher\":{\"@id\":\"https:\\\/\\\/clinicaoftalmologicarubi.com\\\/#organization\"},\"potentialAction\":[{\"@type\":\"SearchAction\",\"target\":{\"@type\":\"EntryPoint\",\"urlTemplate\":\"https:\\\/\\\/clinicaoftalmologicarubi.com\\\/?s={search_term_string}\"},\"query-input\":{\"@type\":\"PropertyValueSpecification\",\"valueRequired\":true,\"valueName\":\"search_term_string\"}}],\"inLanguage\":\"es\"},{\"@type\":\"Organization\",\"@id\":\"https:\\\/\\\/clinicaoftalmologicarubi.com\\\/#organization\",\"name\":\"Clinica oftalmologica Rubi\",\"url\":\"https:\\\/\\\/clinicaoftalmologicarubi.com\\\/\",\"logo\":{\"@type\":\"ImageObject\",\"inLanguage\":\"es\",\"@id\":\"https:\\\/\\\/clinicaoftalmologicarubi.com\\\/#\\\/schema\\\/logo\\\/image\\\/\",\"url\":\"https:\\\/\\\/clinicaoftalmologicarubi.com\\\/wp-content\\\/uploads\\\/clinica.oftalmologica.rubi_.logo_.png\",\"contentUrl\":\"https:\\\/\\\/clinicaoftalmologicarubi.com\\\/wp-content\\\/uploads\\\/clinica.oftalmologica.rubi_.logo_.png\",\"width\":1332,\"height\":373,\"caption\":\"Clinica oftalmologica Rubi\"},\"image\":{\"@id\":\"https:\\\/\\\/clinicaoftalmologicarubi.com\\\/#\\\/schema\\\/logo\\\/image\\\/\"},\"sameAs\":[\"https:\\\/\\\/www.facebook.com\\\/CLINICAOFTALMOLOGICARUBI\\\/\",\"https:\\\/\\\/x.com\\\/OftalmologoRubi\"]}]}<\/script>\n<!-- \/ Yoast SEO plugin. -->","yoast_head_json":{"title":"Tratamiento de Estrabismo en Rub\u00ed | Cl\u00ednica Oftalmol\u00f3gica","description":"Diagn\u00f3stico y tratamiento personalizado del estrabismo para alinear la mirada y prevenir complicaciones como el ojo vago.","robots":{"index":"index","follow":"follow","max-snippet":"max-snippet:-1","max-image-preview":"max-image-preview:large","max-video-preview":"max-video-preview:-1"},"canonical":"https:\/\/clinicaoftalmologicarubi.com\/es\/estrabismo\/","og_locale":"es_ES","og_type":"article","og_title":"Tratamiento de Estrabismo en Rub\u00ed | Cl\u00ednica Oftalmol\u00f3gica","og_description":"Diagn\u00f3stico y tratamiento personalizado del estrabismo para alinear la mirada y prevenir complicaciones como el ojo vago.","og_url":"https:\/\/clinicaoftalmologicarubi.com\/es\/estrabismo\/","og_site_name":"Clinica Oftalmologica Rub\u00ed","article_publisher":"https:\/\/www.facebook.com\/CLINICAOFTALMOLOGICARUBI\/","article_modified_time":"2025-07-14T14:42:20+00:00","og_image":[{"width":660,"height":440,"url":"https:\/\/clinicaoftalmologicarubi.com\/wp-content\/uploads\/estrabismo.webp","type":"image\/webp"}],"twitter_card":"summary_large_image","twitter_site":"@OftalmologoRubi","twitter_misc":{"Tiempo de lectura":"3 minutos"},"schema":{"@context":"https:\/\/schema.org","@graph":[{"@type":"WebPage","@id":"https:\/\/clinicaoftalmologicarubi.com\/es\/estrabismo\/","url":"https:\/\/clinicaoftalmologicarubi.com\/es\/estrabismo\/","name":"Tratamiento de Estrabismo en Rub\u00ed | Cl\u00ednica Oftalmol\u00f3gica","isPartOf":{"@id":"https:\/\/clinicaoftalmologicarubi.com\/#website"},"primaryImageOfPage":{"@id":"https:\/\/clinicaoftalmologicarubi.com\/es\/estrabismo\/#primaryimage"},"image":{"@id":"https:\/\/clinicaoftalmologicarubi.com\/es\/estrabismo\/#primaryimage"},"thumbnailUrl":"https:\/\/clinicaoftalmologicarubi.com\/wp-content\/uploads\/estrabismo.webp","datePublished":"2016-05-27T08:00:03+00:00","dateModified":"2025-07-14T14:42:20+00:00","description":"Diagn\u00f3stico y tratamiento personalizado del estrabismo para alinear la mirada y prevenir complicaciones como el ojo vago.","breadcrumb":{"@id":"https:\/\/clinicaoftalmologicarubi.com\/es\/estrabismo\/#breadcrumb"},"inLanguage":"es","potentialAction":[{"@type":"ReadAction","target":["https:\/\/clinicaoftalmologicarubi.com\/es\/estrabismo\/"]}]},{"@type":"ImageObject","inLanguage":"es","@id":"https:\/\/clinicaoftalmologicarubi.com\/es\/estrabismo\/#primaryimage","url":"https:\/\/clinicaoftalmologicarubi.com\/wp-content\/uploads\/estrabismo.webp","contentUrl":"https:\/\/clinicaoftalmologicarubi.com\/wp-content\/uploads\/estrabismo.webp"},{"@type":"BreadcrumbList","@id":"https:\/\/clinicaoftalmologicarubi.com\/es\/estrabismo\/#breadcrumb","itemListElement":[{"@type":"ListItem","position":1,"name":"Portada","item":"https:\/\/clinicaoftalmologicarubi.com\/"},{"@type":"ListItem","position":2,"name":"Estrabismo"}]},{"@type":"WebSite","@id":"https:\/\/clinicaoftalmologicarubi.com\/#website","url":"https:\/\/clinicaoftalmologicarubi.com\/","name":"Clinica Oftalmologica Rub\u00ed","description":"Cirugia Oftalmologica","publisher":{"@id":"https:\/\/clinicaoftalmologicarubi.com\/#organization"},"potentialAction":[{"@type":"SearchAction","target":{"@type":"EntryPoint","urlTemplate":"https:\/\/clinicaoftalmologicarubi.com\/?s={search_term_string}"},"query-input":{"@type":"PropertyValueSpecification","valueRequired":true,"valueName":"search_term_string"}}],"inLanguage":"es"},{"@type":"Organization","@id":"https:\/\/clinicaoftalmologicarubi.com\/#organization","name":"Clinica oftalmologica Rubi","url":"https:\/\/clinicaoftalmologicarubi.com\/","logo":{"@type":"ImageObject","inLanguage":"es","@id":"https:\/\/clinicaoftalmologicarubi.com\/#\/schema\/logo\/image\/","url":"https:\/\/clinicaoftalmologicarubi.com\/wp-content\/uploads\/clinica.oftalmologica.rubi_.logo_.png","contentUrl":"https:\/\/clinicaoftalmologicarubi.com\/wp-content\/uploads\/clinica.oftalmologica.rubi_.logo_.png","width":1332,"height":373,"caption":"Clinica oftalmologica Rubi"},"image":{"@id":"https:\/\/clinicaoftalmologicarubi.com\/#\/schema\/logo\/image\/"},"sameAs":["https:\/\/www.facebook.com\/CLINICAOFTALMOLOGICARUBI\/","https:\/\/x.com\/OftalmologoRubi"]}]}},"_links":{"self":[{"href":"https:\/\/clinicaoftalmologicarubi.com\/es\/wp-json\/wp\/v2\/pages\/559","targetHints":{"allow":["GET"]}}],"collection":[{"href":"https:\/\/clinicaoftalmologicarubi.com\/es\/wp-json\/wp\/v2\/pages"}],"about":[{"href":"https:\/\/clinicaoftalmologicarubi.com\/es\/wp-json\/wp\/v2\/types\/page"}],"author":[{"embeddable":true,"href":"https:\/\/clinicaoftalmologicarubi.com\/es\/wp-json\/wp\/v2\/users\/1"}],"replies":[{"embeddable":true,"href":"https:\/\/clinicaoftalmologicarubi.com\/es\/wp-json\/wp\/v2\/comments?post=559"}],"version-history":[{"count":9,"href":"https:\/\/clinicaoftalmologicarubi.com\/es\/wp-json\/wp\/v2\/pages\/559\/revisions"}],"predecessor-version":[{"id":2707,"href":"https:\/\/clinicaoftalmologicarubi.com\/es\/wp-json\/wp\/v2\/pages\/559\/revisions\/2707"}],"wp:attachment":[{"href":"https:\/\/clinicaoftalmologicarubi.com\/es\/wp-json\/wp\/v2\/media?parent=559"}],"curies":[{"name":"wp","href":"https:\/\/api.w.org\/{rel}","templated":true}]}}