{"id":561,"date":"2016-05-27T08:01:03","date_gmt":"2016-05-27T08:01:03","guid":{"rendered":"http:\/\/clinicaoftalmologicarubi.com\/?page_id=561"},"modified":"2025-07-14T16:53:55","modified_gmt":"2025-07-14T14:53:55","slug":"enfermedadesde-cornea","status":"publish","type":"page","link":"https:\/\/clinicaoftalmologicarubi.com\/es\/enfermedadesde-cornea\/","title":{"rendered":"Enfermedades de C\u00f3rnea"},"content":{"rendered":"<div class=\"articuloo\">\r\n<div class=\"listmedicos\">\r\n<ul>\r\n\t<li><a href=\"#quees\">\u00bfQu\u00e9 es la c\u00f3rnea y para qu\u00e9 sirve?<\/a><\/li>\r\n\t<li><a href=\"#enfermedadesdelacornea\">Enfermedades de la c\u00f3rnea<\/a><\/li>\r\n\t<li><a href=\"#tratamiento\">Tratamiento<\/a><\/li>\r\n<\/ul>\r\n<\/div>\r\n<div id=\"quees\" class=\"lineaxl\">\r\n<h2>\u00bfQu\u00e9 es la c\u00f3rnea y para qu\u00e9 sirve?<\/h2>\r\n<\/div>\r\n<p>La c\u00f3rnea es la <strong>membrana transparente que protege el iris, la pupila y el cristalino y es la responsable de dejar pasar la luz<\/strong> desde el exterior al interior del ojo. Una buena c\u00f3rnea debe ser <b>transparente<\/b> para dejar pasar la luz correctamente y tiene que mantener una <b>buena curvatura<\/b>.<\/p>\r\n<p>La c\u00f3rnea tiene dos funciones b\u00e1sicas: en primer lugar act\u00faa como pantalla protectora de los g\u00e9rmenes, polvo y cualquier otro factor agresor del exterior y en segundo lugar la c\u00f3rnea es la encargada de controlar el enfoque y permitir la entrada de luz en el ojo.<\/p>\r\n<div id=\"enfermedadesdelacornea\" class=\"lineaxl\">\r\n<h2>Enfermedades de la c\u00f3rnea<\/h2>\r\n<\/div>\r\n<p>Las enfermedades de la c\u00f3rnea que pueden alterar la visi\u00f3n del ojo son:<\/p>\r\n<div class=\"listmedicos\">\r\n<ul>\r\n\t<li style=\"list-style-type: none;\">\r\n<ul>\r\n\t<li>La <b>queratitis<\/b>: se trata de una inflamaci\u00f3n de la c\u00f3rnea y una de las causas m\u00e1s frecuentes es una infecci\u00f3n bacteriana o v\u00edrica. Los s\u00edntomas de una queratitis son: dolor ocular, enrojecimiento del polo anterior, lagrimeo y fotofobia. Una queratitis puede desembocar en una \u00falcera que puede comprometer la agudeza visual del paciente por la alteraci\u00f3n de la transparencia de la c\u00f3rnea.<\/li>\r\n\t<li>El <b>queratocono<\/b>: se trata de una alteraci\u00f3n de la estructura de la c\u00f3rnea debido al adelgazamiento de la misma en su parte central. Esto hace que la c\u00f3rnea adopte una forma c\u00f3nica y de ah\u00ed su nombre. Como la forma esf\u00e9rica de la c\u00f3rnea cambia, se produce un astigmatismo y eso conlleva a una deformaci\u00f3n de las im\u00e1genes y una disminuci\u00f3n progresiva de la visi\u00f3n.<\/li>\r\n<\/ul>\r\n<\/li>\r\n<\/ul>\r\n<div class=\"image-product\" style=\"width: 50%; left: 25%; position: relative; text-align: center;\"><img fetchpriority=\"high\" decoding=\"async\" class=\"alignnone size-full wp-image-2713\" src=\"https:\/\/clinicaoftalmologicarubi.com\/wp-content\/uploads\/cornea-queratocono.webp\" alt=\"Cornea queratocono\" width=\"660\" height=\"488\" \/><\/div>\r\n<ul>\r\n\t<li>Alergias y \u00falceras.<\/li>\r\n\t<li>Edema corneal: es el hinchaz\u00f3n por acumulaci\u00f3n de l\u00edquido de la cornea.<\/li>\r\n\t<li>Patolog\u00edas infecciosas incluyendo la conjuntivitis.<\/li>\r\n\t<li>Distrofias corneales.<\/li>\r\n\t<li>Opacidad corneal: causada por secuelas de traumatismos o enfermedades de los p\u00e1rpados como el tracoma.<\/li>\r\n<\/ul>\r\n<\/div>\r\n<p>Adem\u00e1s de estas enfermedades es importante recordar que en ocasiones, los defectos refractivos (<a href=\"?page_id=415#quees\">miop\u00eda,\u00a0hipermetrop\u00eda\u00a0y\u00a0astigmatismo<\/a>) tambi\u00e9n tienen su origen en la c\u00f3rnea.<\/p>\r\n<div id=\"tratamiento\" class=\"lineaxl\">\r\n<h2>Tratamiento<\/h2>\r\n<\/div>\r\n<p>Existen procedimientos quir\u00fargicos y no quir\u00fargicos.<\/p>\r\n<h3>Procedimientos no quir\u00fargicos<\/h3>\r\n<p>Para la reestructuraci\u00f3n de la forma de la cornea el m\u00e9todo utilizado es la <b>ortoqueratolog\u00eda<\/b> y consiste en la utilizaci\u00f3n de lentes de contacto r\u00edgidas que sirven para mejorar el estado refractivo del ojo y por lo tanto reducir la necesidad de gafas o lentes de contacto.<\/p>\r\n<h3>Procedimientos quir\u00fargicos<\/h3>\r\n<p>El <b>l\u00e1ser excimer<\/b> es una de las t\u00e9cnicas que se utiliza para cambiar la forma de la c\u00f3rnea del ojo y consiste b\u00e1sicamente en la reestructuraci\u00f3n de la misma mediante la fotoablaci\u00f3n.<\/p>\r\n<p>En el caso del queratocono el tratamiento quir\u00fargico son los <b>anillos intraestromales<\/b> o bien el <b>cross-linking corneal<\/b> que consiste en fortalecer la c\u00f3rnea y frenar su deformaci\u00f3n a trav\u00e9s de someterla a una radiaci\u00f3n ultravioleta.<\/p>\r\n<p>Si la c\u00f3rnea es opaca la cirug\u00eda m\u00e1s indicada es la de un transplante de c\u00f3rnea o <b>queratoplastia<\/b> que consiste en la sustituci\u00f3n del tejido corneal opaco ya que no hay otra manera de recuperar la transparencia. Existen tres tipos de queratoplastias: la anterior, la endotelial y la penetrante seg\u00fan las capas de la cornea que sean transplantadas.<\/p>\r\n<\/div>","protected":false},"excerpt":{"rendered":"<p>\u00bfQu\u00e9 es la c\u00f3rnea y para qu\u00e9 sirve? Enfermedades de la c\u00f3rnea Tratamiento \u00bfQu\u00e9 es la c\u00f3rnea y para qu\u00e9 sirve? La c\u00f3rnea es la membrana transparente que protege el iris, la pupila y el cristalino y es la responsable de dejar pasar la luz desde el exterior al interior del ojo. Una buena c\u00f3rnea [&hellip;]<\/p>\n","protected":false},"author":1,"featured_media":0,"parent":0,"menu_order":0,"comment_status":"closed","ping_status":"closed","template":"","meta":{"footnotes":""},"class_list":["post-561","page","type-page","status-publish","hentry"],"yoast_head":"<!-- This site is optimized with the Yoast SEO plugin v27.4 - https:\/\/yoast.com\/product\/yoast-seo-wordpress\/ -->\n<title>Tratamiento de Enfermedades de la C\u00f3rnea en Rub\u00ed<\/title>\n<meta name=\"description\" content=\"Diagn\u00f3stico y tratamiento de queratitis, queratocono, \u00falceras y otras enfermedades de la c\u00f3rnea mediante t\u00e9cnicas avanzadas y procedimientos quir\u00fargicos.\" \/>\n<meta name=\"robots\" content=\"index, follow, max-snippet:-1, max-image-preview:large, max-video-preview:-1\" \/>\n<link rel=\"canonical\" href=\"https:\/\/clinicaoftalmologicarubi.com\/es\/enfermedadesde-cornea\/\" \/>\n<meta property=\"og:locale\" content=\"es_ES\" \/>\n<meta property=\"og:type\" content=\"article\" \/>\n<meta property=\"og:title\" content=\"Tratamiento de Enfermedades de la C\u00f3rnea en Rub\u00ed\" \/>\n<meta property=\"og:description\" content=\"Diagn\u00f3stico y tratamiento de queratitis, queratocono, \u00falceras y otras enfermedades de la c\u00f3rnea mediante t\u00e9cnicas avanzadas y procedimientos quir\u00fargicos.\" \/>\n<meta property=\"og:url\" content=\"https:\/\/clinicaoftalmologicarubi.com\/es\/enfermedadesde-cornea\/\" \/>\n<meta property=\"og:site_name\" content=\"Clinica Oftalmologica Rub\u00ed\" \/>\n<meta property=\"article:publisher\" content=\"https:\/\/www.facebook.com\/CLINICAOFTALMOLOGICARUBI\/\" \/>\n<meta property=\"article:modified_time\" content=\"2025-07-14T14:53:55+00:00\" \/>\n<meta property=\"og:image\" content=\"https:\/\/clinicaoftalmologicarubi.com\/wp-content\/uploads\/cornea-queratocono.webp\" \/>\n\t<meta property=\"og:image:width\" content=\"660\" \/>\n\t<meta property=\"og:image:height\" content=\"488\" \/>\n\t<meta property=\"og:image:type\" content=\"image\/webp\" \/>\n<meta name=\"twitter:card\" content=\"summary_large_image\" \/>\n<meta name=\"twitter:site\" content=\"@OftalmologoRubi\" \/>\n<meta name=\"twitter:label1\" content=\"Tiempo de lectura\" \/>\n\t<meta name=\"twitter:data1\" content=\"4 minutos\" \/>\n<script type=\"application\/ld+json\" class=\"yoast-schema-graph\">{\"@context\":\"https:\\\/\\\/schema.org\",\"@graph\":[{\"@type\":\"WebPage\",\"@id\":\"https:\\\/\\\/clinicaoftalmologicarubi.com\\\/es\\\/enfermedadesde-cornea\\\/\",\"url\":\"https:\\\/\\\/clinicaoftalmologicarubi.com\\\/es\\\/enfermedadesde-cornea\\\/\",\"name\":\"Tratamiento de Enfermedades de la C\u00f3rnea en Rub\u00ed\",\"isPartOf\":{\"@id\":\"https:\\\/\\\/clinicaoftalmologicarubi.com\\\/#website\"},\"primaryImageOfPage\":{\"@id\":\"https:\\\/\\\/clinicaoftalmologicarubi.com\\\/es\\\/enfermedadesde-cornea\\\/#primaryimage\"},\"image\":{\"@id\":\"https:\\\/\\\/clinicaoftalmologicarubi.com\\\/es\\\/enfermedadesde-cornea\\\/#primaryimage\"},\"thumbnailUrl\":\"https:\\\/\\\/clinicaoftalmologicarubi.com\\\/wp-content\\\/uploads\\\/cornea-queratocono.webp\",\"datePublished\":\"2016-05-27T08:01:03+00:00\",\"dateModified\":\"2025-07-14T14:53:55+00:00\",\"description\":\"Diagn\u00f3stico y tratamiento de queratitis, queratocono, \u00falceras y otras enfermedades de la c\u00f3rnea mediante t\u00e9cnicas avanzadas y procedimientos quir\u00fargicos.\",\"breadcrumb\":{\"@id\":\"https:\\\/\\\/clinicaoftalmologicarubi.com\\\/es\\\/enfermedadesde-cornea\\\/#breadcrumb\"},\"inLanguage\":\"es\",\"potentialAction\":[{\"@type\":\"ReadAction\",\"target\":[\"https:\\\/\\\/clinicaoftalmologicarubi.com\\\/es\\\/enfermedadesde-cornea\\\/\"]}]},{\"@type\":\"ImageObject\",\"inLanguage\":\"es\",\"@id\":\"https:\\\/\\\/clinicaoftalmologicarubi.com\\\/es\\\/enfermedadesde-cornea\\\/#primaryimage\",\"url\":\"https:\\\/\\\/clinicaoftalmologicarubi.com\\\/wp-content\\\/uploads\\\/cornea-queratocono.webp\",\"contentUrl\":\"https:\\\/\\\/clinicaoftalmologicarubi.com\\\/wp-content\\\/uploads\\\/cornea-queratocono.webp\"},{\"@type\":\"BreadcrumbList\",\"@id\":\"https:\\\/\\\/clinicaoftalmologicarubi.com\\\/es\\\/enfermedadesde-cornea\\\/#breadcrumb\",\"itemListElement\":[{\"@type\":\"ListItem\",\"position\":1,\"name\":\"Portada\",\"item\":\"https:\\\/\\\/clinicaoftalmologicarubi.com\\\/\"},{\"@type\":\"ListItem\",\"position\":2,\"name\":\"Enfermedades de C\u00f3rnea\"}]},{\"@type\":\"WebSite\",\"@id\":\"https:\\\/\\\/clinicaoftalmologicarubi.com\\\/#website\",\"url\":\"https:\\\/\\\/clinicaoftalmologicarubi.com\\\/\",\"name\":\"Clinica Oftalmologica Rub\u00ed\",\"description\":\"Cirugia Oftalmologica\",\"publisher\":{\"@id\":\"https:\\\/\\\/clinicaoftalmologicarubi.com\\\/#organization\"},\"potentialAction\":[{\"@type\":\"SearchAction\",\"target\":{\"@type\":\"EntryPoint\",\"urlTemplate\":\"https:\\\/\\\/clinicaoftalmologicarubi.com\\\/?s={search_term_string}\"},\"query-input\":{\"@type\":\"PropertyValueSpecification\",\"valueRequired\":true,\"valueName\":\"search_term_string\"}}],\"inLanguage\":\"es\"},{\"@type\":\"Organization\",\"@id\":\"https:\\\/\\\/clinicaoftalmologicarubi.com\\\/#organization\",\"name\":\"Clinica oftalmologica Rubi\",\"url\":\"https:\\\/\\\/clinicaoftalmologicarubi.com\\\/\",\"logo\":{\"@type\":\"ImageObject\",\"inLanguage\":\"es\",\"@id\":\"https:\\\/\\\/clinicaoftalmologicarubi.com\\\/#\\\/schema\\\/logo\\\/image\\\/\",\"url\":\"https:\\\/\\\/clinicaoftalmologicarubi.com\\\/wp-content\\\/uploads\\\/clinica.oftalmologica.rubi_.logo_.png\",\"contentUrl\":\"https:\\\/\\\/clinicaoftalmologicarubi.com\\\/wp-content\\\/uploads\\\/clinica.oftalmologica.rubi_.logo_.png\",\"width\":1332,\"height\":373,\"caption\":\"Clinica oftalmologica Rubi\"},\"image\":{\"@id\":\"https:\\\/\\\/clinicaoftalmologicarubi.com\\\/#\\\/schema\\\/logo\\\/image\\\/\"},\"sameAs\":[\"https:\\\/\\\/www.facebook.com\\\/CLINICAOFTALMOLOGICARUBI\\\/\",\"https:\\\/\\\/x.com\\\/OftalmologoRubi\"]}]}<\/script>\n<!-- \/ Yoast SEO plugin. -->","yoast_head_json":{"title":"Tratamiento de Enfermedades de la C\u00f3rnea en Rub\u00ed","description":"Diagn\u00f3stico y tratamiento de queratitis, queratocono, \u00falceras y otras enfermedades de la c\u00f3rnea mediante t\u00e9cnicas avanzadas y procedimientos quir\u00fargicos.","robots":{"index":"index","follow":"follow","max-snippet":"max-snippet:-1","max-image-preview":"max-image-preview:large","max-video-preview":"max-video-preview:-1"},"canonical":"https:\/\/clinicaoftalmologicarubi.com\/es\/enfermedadesde-cornea\/","og_locale":"es_ES","og_type":"article","og_title":"Tratamiento de Enfermedades de la C\u00f3rnea en Rub\u00ed","og_description":"Diagn\u00f3stico y tratamiento de queratitis, queratocono, \u00falceras y otras enfermedades de la c\u00f3rnea mediante t\u00e9cnicas avanzadas y procedimientos quir\u00fargicos.","og_url":"https:\/\/clinicaoftalmologicarubi.com\/es\/enfermedadesde-cornea\/","og_site_name":"Clinica Oftalmologica Rub\u00ed","article_publisher":"https:\/\/www.facebook.com\/CLINICAOFTALMOLOGICARUBI\/","article_modified_time":"2025-07-14T14:53:55+00:00","og_image":[{"width":660,"height":488,"url":"https:\/\/clinicaoftalmologicarubi.com\/wp-content\/uploads\/cornea-queratocono.webp","type":"image\/webp"}],"twitter_card":"summary_large_image","twitter_site":"@OftalmologoRubi","twitter_misc":{"Tiempo de lectura":"4 minutos"},"schema":{"@context":"https:\/\/schema.org","@graph":[{"@type":"WebPage","@id":"https:\/\/clinicaoftalmologicarubi.com\/es\/enfermedadesde-cornea\/","url":"https:\/\/clinicaoftalmologicarubi.com\/es\/enfermedadesde-cornea\/","name":"Tratamiento de Enfermedades de la C\u00f3rnea en Rub\u00ed","isPartOf":{"@id":"https:\/\/clinicaoftalmologicarubi.com\/#website"},"primaryImageOfPage":{"@id":"https:\/\/clinicaoftalmologicarubi.com\/es\/enfermedadesde-cornea\/#primaryimage"},"image":{"@id":"https:\/\/clinicaoftalmologicarubi.com\/es\/enfermedadesde-cornea\/#primaryimage"},"thumbnailUrl":"https:\/\/clinicaoftalmologicarubi.com\/wp-content\/uploads\/cornea-queratocono.webp","datePublished":"2016-05-27T08:01:03+00:00","dateModified":"2025-07-14T14:53:55+00:00","description":"Diagn\u00f3stico y tratamiento de queratitis, queratocono, \u00falceras y otras enfermedades de la c\u00f3rnea mediante t\u00e9cnicas avanzadas y procedimientos quir\u00fargicos.","breadcrumb":{"@id":"https:\/\/clinicaoftalmologicarubi.com\/es\/enfermedadesde-cornea\/#breadcrumb"},"inLanguage":"es","potentialAction":[{"@type":"ReadAction","target":["https:\/\/clinicaoftalmologicarubi.com\/es\/enfermedadesde-cornea\/"]}]},{"@type":"ImageObject","inLanguage":"es","@id":"https:\/\/clinicaoftalmologicarubi.com\/es\/enfermedadesde-cornea\/#primaryimage","url":"https:\/\/clinicaoftalmologicarubi.com\/wp-content\/uploads\/cornea-queratocono.webp","contentUrl":"https:\/\/clinicaoftalmologicarubi.com\/wp-content\/uploads\/cornea-queratocono.webp"},{"@type":"BreadcrumbList","@id":"https:\/\/clinicaoftalmologicarubi.com\/es\/enfermedadesde-cornea\/#breadcrumb","itemListElement":[{"@type":"ListItem","position":1,"name":"Portada","item":"https:\/\/clinicaoftalmologicarubi.com\/"},{"@type":"ListItem","position":2,"name":"Enfermedades de C\u00f3rnea"}]},{"@type":"WebSite","@id":"https:\/\/clinicaoftalmologicarubi.com\/#website","url":"https:\/\/clinicaoftalmologicarubi.com\/","name":"Clinica Oftalmologica Rub\u00ed","description":"Cirugia Oftalmologica","publisher":{"@id":"https:\/\/clinicaoftalmologicarubi.com\/#organization"},"potentialAction":[{"@type":"SearchAction","target":{"@type":"EntryPoint","urlTemplate":"https:\/\/clinicaoftalmologicarubi.com\/?s={search_term_string}"},"query-input":{"@type":"PropertyValueSpecification","valueRequired":true,"valueName":"search_term_string"}}],"inLanguage":"es"},{"@type":"Organization","@id":"https:\/\/clinicaoftalmologicarubi.com\/#organization","name":"Clinica oftalmologica Rubi","url":"https:\/\/clinicaoftalmologicarubi.com\/","logo":{"@type":"ImageObject","inLanguage":"es","@id":"https:\/\/clinicaoftalmologicarubi.com\/#\/schema\/logo\/image\/","url":"https:\/\/clinicaoftalmologicarubi.com\/wp-content\/uploads\/clinica.oftalmologica.rubi_.logo_.png","contentUrl":"https:\/\/clinicaoftalmologicarubi.com\/wp-content\/uploads\/clinica.oftalmologica.rubi_.logo_.png","width":1332,"height":373,"caption":"Clinica oftalmologica Rubi"},"image":{"@id":"https:\/\/clinicaoftalmologicarubi.com\/#\/schema\/logo\/image\/"},"sameAs":["https:\/\/www.facebook.com\/CLINICAOFTALMOLOGICARUBI\/","https:\/\/x.com\/OftalmologoRubi"]}]}},"_links":{"self":[{"href":"https:\/\/clinicaoftalmologicarubi.com\/es\/wp-json\/wp\/v2\/pages\/561","targetHints":{"allow":["GET"]}}],"collection":[{"href":"https:\/\/clinicaoftalmologicarubi.com\/es\/wp-json\/wp\/v2\/pages"}],"about":[{"href":"https:\/\/clinicaoftalmologicarubi.com\/es\/wp-json\/wp\/v2\/types\/page"}],"author":[{"embeddable":true,"href":"https:\/\/clinicaoftalmologicarubi.com\/es\/wp-json\/wp\/v2\/users\/1"}],"replies":[{"embeddable":true,"href":"https:\/\/clinicaoftalmologicarubi.com\/es\/wp-json\/wp\/v2\/comments?post=561"}],"version-history":[{"count":11,"href":"https:\/\/clinicaoftalmologicarubi.com\/es\/wp-json\/wp\/v2\/pages\/561\/revisions"}],"predecessor-version":[{"id":2717,"href":"https:\/\/clinicaoftalmologicarubi.com\/es\/wp-json\/wp\/v2\/pages\/561\/revisions\/2717"}],"wp:attachment":[{"href":"https:\/\/clinicaoftalmologicarubi.com\/es\/wp-json\/wp\/v2\/media?parent=561"}],"curies":[{"name":"wp","href":"https:\/\/api.w.org\/{rel}","templated":true}]}}