{"id":665,"date":"2016-06-03T08:02:27","date_gmt":"2016-06-03T08:02:27","guid":{"rendered":"http:\/\/clinicaoftalmologicarubi.com\/?page_id=665"},"modified":"2019-12-11T11:04:45","modified_gmt":"2019-12-11T11:04:45","slug":"tir-alonso","status":"publish","type":"page","link":"https:\/\/clinicaoftalmologicarubi.com\/es\/tir-alonso\/","title":{"rendered":"Dr. Tirso Alonso"},"content":{"rendered":"<p>M\u00e9dico oftalm\u00f3logo de Cirug\u00eda Pl\u00e1stica Ocular<\/p>\r\n<div class=\"uk-grid medicos-page\">\r\n<div class=\"uk-width-7-10\">\r\n<div class=\"listmedicos\" data-grid-prepared=\"true\">\r\n<ul>\r\n\t<li>Licenciado en Medicina y Cirug\u00eda por la Universidad de Santiago de Compostela<\/li>\r\n\t<li>Especialista en Oftalmolog\u00eda y Cirug\u00eda Ocular por la Universidad Aut\u00f3noma de Barcelona<\/li>\r\n\t<li>Miembro de la Sociedad Catalana de Oftalmolog\u00eda, la Sociedad Espa\u00f1ola de Oftalmolog\u00eda y la Sociedad Espa\u00f1ola de Cirug\u00eda Pl\u00e1stica Ocular y Orbitaria<\/li>\r\n\t<li>Miembro de la Junta Directiva de la Sociedad Espa\u00f1ola de Cirug\u00eda Pl\u00e1stica Ocular y Orbitaria<\/li>\r\n\t<li>En el \u00e1mbito docente colabora con la Universidad Aut\u00f3noma de Barcelona<\/li>\r\n\t<li>Primer premio al mejor trabajo cient\u00edfico en Cirug\u00eda Pl\u00e1stica Ocular y Orbitaria otorgado por la Sociedad Espa\u00f1ola de Cirug\u00eda Pl\u00e1stica Ocular y Orbitaria en el a\u00f1o 2010<\/li>\r\n<\/ul>\r\n<\/div>\r\n<\/div>\r\n<div class=\"uk-width-3-10\">\r\n<div data-grid-prepared=\"true\">\r\n<div style=\"background-image: url('https:\/\/clinicaoftalmologicarubi.com\/wp-content\/uploads\/IMG_4913-1289x1250.jpg'); border-radius: 50%; width: 300px; height: 300px; background-size: cover;\" title=\"Dr Tirso Alonso 2\">\u00a0<\/div>\r\n<\/div>\r\n<\/div>\r\n<\/div>","protected":false},"excerpt":{"rendered":"<p>M\u00e9dico oftalm\u00f3logo de Cirug\u00eda Pl\u00e1stica Ocular Licenciado en Medicina y Cirug\u00eda por la Universidad de Santiago de Compostela Especialista en Oftalmolog\u00eda y Cirug\u00eda Ocular por la Universidad Aut\u00f3noma de Barcelona Miembro de la Sociedad Catalana de Oftalmolog\u00eda, la Sociedad Espa\u00f1ola de Oftalmolog\u00eda y la Sociedad Espa\u00f1ola de Cirug\u00eda Pl\u00e1stica Ocular y Orbitaria Miembro de la [&hellip;]<\/p>\n","protected":false},"author":1,"featured_media":0,"parent":0,"menu_order":0,"comment_status":"closed","ping_status":"closed","template":"","meta":{"footnotes":""},"class_list":["post-665","page","type-page","status-publish","hentry"],"yoast_head":"<!-- This site is optimized with the Yoast SEO plugin v27.4 - https:\/\/yoast.com\/product\/yoast-seo-wordpress\/ -->\n<title>Dr. Tirso Alonso - Clinica Oftalmologica Rub\u00ed<\/title>\n<meta name=\"description\" content=\"M\u00e9dico oftalm\u00f3logo de Cirug\u00eda Pl\u00e1stica Ocular en la Cl\u00ednica Oftalmol\u00f3gica Rub\u00ed.\" \/>\n<meta name=\"robots\" content=\"index, follow, max-snippet:-1, max-image-preview:large, max-video-preview:-1\" \/>\n<link rel=\"canonical\" href=\"https:\/\/clinicaoftalmologicarubi.com\/es\/tir-alonso\/\" \/>\n<meta property=\"og:locale\" content=\"es_ES\" \/>\n<meta property=\"og:type\" content=\"article\" \/>\n<meta property=\"og:title\" content=\"Dr. Tirso Alonso - Clinica Oftalmologica Rub\u00ed\" \/>\n<meta property=\"og:description\" content=\"M\u00e9dico oftalm\u00f3logo de Cirug\u00eda Pl\u00e1stica Ocular en la Cl\u00ednica Oftalmol\u00f3gica Rub\u00ed.\" \/>\n<meta property=\"og:url\" content=\"https:\/\/clinicaoftalmologicarubi.com\/es\/tir-alonso\/\" \/>\n<meta property=\"og:site_name\" content=\"Clinica Oftalmologica Rub\u00ed\" \/>\n<meta property=\"article:publisher\" content=\"https:\/\/www.facebook.com\/CLINICAOFTALMOLOGICARUBI\/\" \/>\n<meta property=\"article:modified_time\" content=\"2019-12-11T11:04:45+00:00\" \/>\n<meta name=\"twitter:card\" content=\"summary_large_image\" \/>\n<meta name=\"twitter:site\" content=\"@OftalmologoRubi\" \/>\n<meta name=\"twitter:label1\" content=\"Tiempo de lectura\" \/>\n\t<meta name=\"twitter:data1\" content=\"1 minuto\" \/>\n<script type=\"application\/ld+json\" class=\"yoast-schema-graph\">{\"@context\":\"https:\\\/\\\/schema.org\",\"@graph\":[{\"@type\":\"WebPage\",\"@id\":\"https:\\\/\\\/clinicaoftalmologicarubi.com\\\/es\\\/tir-alonso\\\/\",\"url\":\"https:\\\/\\\/clinicaoftalmologicarubi.com\\\/es\\\/tir-alonso\\\/\",\"name\":\"Dr. Tirso Alonso - Clinica Oftalmologica Rub\u00ed\",\"isPartOf\":{\"@id\":\"https:\\\/\\\/clinicaoftalmologicarubi.com\\\/#website\"},\"datePublished\":\"2016-06-03T08:02:27+00:00\",\"dateModified\":\"2019-12-11T11:04:45+00:00\",\"description\":\"M\u00e9dico oftalm\u00f3logo de Cirug\u00eda Pl\u00e1stica Ocular en la Cl\u00ednica Oftalmol\u00f3gica Rub\u00ed.\",\"breadcrumb\":{\"@id\":\"https:\\\/\\\/clinicaoftalmologicarubi.com\\\/es\\\/tir-alonso\\\/#breadcrumb\"},\"inLanguage\":\"es\",\"potentialAction\":[{\"@type\":\"ReadAction\",\"target\":[\"https:\\\/\\\/clinicaoftalmologicarubi.com\\\/es\\\/tir-alonso\\\/\"]}]},{\"@type\":\"BreadcrumbList\",\"@id\":\"https:\\\/\\\/clinicaoftalmologicarubi.com\\\/es\\\/tir-alonso\\\/#breadcrumb\",\"itemListElement\":[{\"@type\":\"ListItem\",\"position\":1,\"name\":\"Portada\",\"item\":\"https:\\\/\\\/clinicaoftalmologicarubi.com\\\/\"},{\"@type\":\"ListItem\",\"position\":2,\"name\":\"Dr. Tirso Alonso\"}]},{\"@type\":\"WebSite\",\"@id\":\"https:\\\/\\\/clinicaoftalmologicarubi.com\\\/#website\",\"url\":\"https:\\\/\\\/clinicaoftalmologicarubi.com\\\/\",\"name\":\"Clinica Oftalmologica Rub\u00ed\",\"description\":\"Cirugia Oftalmologica\",\"publisher\":{\"@id\":\"https:\\\/\\\/clinicaoftalmologicarubi.com\\\/#organization\"},\"potentialAction\":[{\"@type\":\"SearchAction\",\"target\":{\"@type\":\"EntryPoint\",\"urlTemplate\":\"https:\\\/\\\/clinicaoftalmologicarubi.com\\\/?s={search_term_string}\"},\"query-input\":{\"@type\":\"PropertyValueSpecification\",\"valueRequired\":true,\"valueName\":\"search_term_string\"}}],\"inLanguage\":\"es\"},{\"@type\":\"Organization\",\"@id\":\"https:\\\/\\\/clinicaoftalmologicarubi.com\\\/#organization\",\"name\":\"Clinica oftalmologica Rubi\",\"url\":\"https:\\\/\\\/clinicaoftalmologicarubi.com\\\/\",\"logo\":{\"@type\":\"ImageObject\",\"inLanguage\":\"es\",\"@id\":\"https:\\\/\\\/clinicaoftalmologicarubi.com\\\/#\\\/schema\\\/logo\\\/image\\\/\",\"url\":\"https:\\\/\\\/clinicaoftalmologicarubi.com\\\/wp-content\\\/uploads\\\/clinica.oftalmologica.rubi_.logo_.png\",\"contentUrl\":\"https:\\\/\\\/clinicaoftalmologicarubi.com\\\/wp-content\\\/uploads\\\/clinica.oftalmologica.rubi_.logo_.png\",\"width\":1332,\"height\":373,\"caption\":\"Clinica oftalmologica Rubi\"},\"image\":{\"@id\":\"https:\\\/\\\/clinicaoftalmologicarubi.com\\\/#\\\/schema\\\/logo\\\/image\\\/\"},\"sameAs\":[\"https:\\\/\\\/www.facebook.com\\\/CLINICAOFTALMOLOGICARUBI\\\/\",\"https:\\\/\\\/x.com\\\/OftalmologoRubi\"]}]}<\/script>\n<!-- \/ Yoast SEO plugin. -->","yoast_head_json":{"title":"Dr. Tirso Alonso - Clinica Oftalmologica Rub\u00ed","description":"M\u00e9dico oftalm\u00f3logo de Cirug\u00eda Pl\u00e1stica Ocular en la Cl\u00ednica Oftalmol\u00f3gica Rub\u00ed.","robots":{"index":"index","follow":"follow","max-snippet":"max-snippet:-1","max-image-preview":"max-image-preview:large","max-video-preview":"max-video-preview:-1"},"canonical":"https:\/\/clinicaoftalmologicarubi.com\/es\/tir-alonso\/","og_locale":"es_ES","og_type":"article","og_title":"Dr. Tirso Alonso - Clinica Oftalmologica Rub\u00ed","og_description":"M\u00e9dico oftalm\u00f3logo de Cirug\u00eda Pl\u00e1stica Ocular en la Cl\u00ednica Oftalmol\u00f3gica Rub\u00ed.","og_url":"https:\/\/clinicaoftalmologicarubi.com\/es\/tir-alonso\/","og_site_name":"Clinica Oftalmologica Rub\u00ed","article_publisher":"https:\/\/www.facebook.com\/CLINICAOFTALMOLOGICARUBI\/","article_modified_time":"2019-12-11T11:04:45+00:00","twitter_card":"summary_large_image","twitter_site":"@OftalmologoRubi","twitter_misc":{"Tiempo de lectura":"1 minuto"},"schema":{"@context":"https:\/\/schema.org","@graph":[{"@type":"WebPage","@id":"https:\/\/clinicaoftalmologicarubi.com\/es\/tir-alonso\/","url":"https:\/\/clinicaoftalmologicarubi.com\/es\/tir-alonso\/","name":"Dr. Tirso Alonso - Clinica Oftalmologica Rub\u00ed","isPartOf":{"@id":"https:\/\/clinicaoftalmologicarubi.com\/#website"},"datePublished":"2016-06-03T08:02:27+00:00","dateModified":"2019-12-11T11:04:45+00:00","description":"M\u00e9dico oftalm\u00f3logo de Cirug\u00eda Pl\u00e1stica Ocular en la Cl\u00ednica Oftalmol\u00f3gica Rub\u00ed.","breadcrumb":{"@id":"https:\/\/clinicaoftalmologicarubi.com\/es\/tir-alonso\/#breadcrumb"},"inLanguage":"es","potentialAction":[{"@type":"ReadAction","target":["https:\/\/clinicaoftalmologicarubi.com\/es\/tir-alonso\/"]}]},{"@type":"BreadcrumbList","@id":"https:\/\/clinicaoftalmologicarubi.com\/es\/tir-alonso\/#breadcrumb","itemListElement":[{"@type":"ListItem","position":1,"name":"Portada","item":"https:\/\/clinicaoftalmologicarubi.com\/"},{"@type":"ListItem","position":2,"name":"Dr. Tirso Alonso"}]},{"@type":"WebSite","@id":"https:\/\/clinicaoftalmologicarubi.com\/#website","url":"https:\/\/clinicaoftalmologicarubi.com\/","name":"Clinica Oftalmologica Rub\u00ed","description":"Cirugia Oftalmologica","publisher":{"@id":"https:\/\/clinicaoftalmologicarubi.com\/#organization"},"potentialAction":[{"@type":"SearchAction","target":{"@type":"EntryPoint","urlTemplate":"https:\/\/clinicaoftalmologicarubi.com\/?s={search_term_string}"},"query-input":{"@type":"PropertyValueSpecification","valueRequired":true,"valueName":"search_term_string"}}],"inLanguage":"es"},{"@type":"Organization","@id":"https:\/\/clinicaoftalmologicarubi.com\/#organization","name":"Clinica oftalmologica Rubi","url":"https:\/\/clinicaoftalmologicarubi.com\/","logo":{"@type":"ImageObject","inLanguage":"es","@id":"https:\/\/clinicaoftalmologicarubi.com\/#\/schema\/logo\/image\/","url":"https:\/\/clinicaoftalmologicarubi.com\/wp-content\/uploads\/clinica.oftalmologica.rubi_.logo_.png","contentUrl":"https:\/\/clinicaoftalmologicarubi.com\/wp-content\/uploads\/clinica.oftalmologica.rubi_.logo_.png","width":1332,"height":373,"caption":"Clinica oftalmologica Rubi"},"image":{"@id":"https:\/\/clinicaoftalmologicarubi.com\/#\/schema\/logo\/image\/"},"sameAs":["https:\/\/www.facebook.com\/CLINICAOFTALMOLOGICARUBI\/","https:\/\/x.com\/OftalmologoRubi"]}]}},"_links":{"self":[{"href":"https:\/\/clinicaoftalmologicarubi.com\/es\/wp-json\/wp\/v2\/pages\/665","targetHints":{"allow":["GET"]}}],"collection":[{"href":"https:\/\/clinicaoftalmologicarubi.com\/es\/wp-json\/wp\/v2\/pages"}],"about":[{"href":"https:\/\/clinicaoftalmologicarubi.com\/es\/wp-json\/wp\/v2\/types\/page"}],"author":[{"embeddable":true,"href":"https:\/\/clinicaoftalmologicarubi.com\/es\/wp-json\/wp\/v2\/users\/1"}],"replies":[{"embeddable":true,"href":"https:\/\/clinicaoftalmologicarubi.com\/es\/wp-json\/wp\/v2\/comments?post=665"}],"version-history":[{"count":6,"href":"https:\/\/clinicaoftalmologicarubi.com\/es\/wp-json\/wp\/v2\/pages\/665\/revisions"}],"predecessor-version":[{"id":1835,"href":"https:\/\/clinicaoftalmologicarubi.com\/es\/wp-json\/wp\/v2\/pages\/665\/revisions\/1835"}],"wp:attachment":[{"href":"https:\/\/clinicaoftalmologicarubi.com\/es\/wp-json\/wp\/v2\/media?parent=665"}],"curies":[{"name":"wp","href":"https:\/\/api.w.org\/{rel}","templated":true}]}}